{"id":81,"date":"2024-12-02T23:07:07","date_gmt":"2024-12-02T23:07:07","guid":{"rendered":"https:\/\/s2benvironment.org\/?page_id=81"},"modified":"2025-04-30T07:40:57","modified_gmt":"2025-04-30T07:40:57","slug":"home-2","status":"publish","type":"page","link":"https:\/\/s2benvironment.org\/es\/","title":{"rendered":"Home"},"content":{"rendered":"<div data-elementor-type=\"wp-page\" data-elementor-id=\"81\" class=\"elementor elementor-81\">\n\t\t\t\t<div class=\"elementor-element elementor-element-6b38bb0 e-con-full e-flex e-con e-parent\" data-id=\"6b38bb0\" data-element_type=\"container\" data-e-type=\"container\" data-settings=\"{&quot;background_background&quot;:&quot;video&quot;,&quot;background_video_link&quot;:&quot;https:\\\/\\\/youtu.be\\\/dUqiF1WGKxA&quot;,&quot;background_video_start&quot;:0}\">\n\t\t<div class=\"elementor-background-video-container elementor-hidden-mobile\">\n\t\t\t\t\t\t\t<div class=\"elementor-background-video-embed\" role=\"presentation\"><\/div>\n\t\t\t\t\t\t<\/div>\t\t<div class=\"elementor-element elementor-element-dc4d04f elementor-widget elementor-widget-image\" data-id=\"dc4d04f\" data-element_type=\"widget\" data-e-type=\"widget\" data-widget_type=\"image.default\">\n\t\t\t\t<div class=\"elementor-widget-container\">\n\t\t\t\t\t\t\t\t\t\t\t\t\t\t\t<img fetchpriority=\"high\" decoding=\"async\" width=\"2366\" height=\"1737\" src=\"https:\/\/s2benvironment.org\/wp-content\/uploads\/2024\/12\/Nuevaversion.png\" class=\"attachment-full size-full wp-image-246\" alt=\"\" srcset=\"https:\/\/s2benvironment.org\/wp-content\/uploads\/2024\/12\/Nuevaversion.png 2366w, https:\/\/s2benvironment.org\/wp-content\/uploads\/2024\/12\/Nuevaversion-300x220.png 300w, https:\/\/s2benvironment.org\/wp-content\/uploads\/2024\/12\/Nuevaversion-1024x752.png 1024w, https:\/\/s2benvironment.org\/wp-content\/uploads\/2024\/12\/Nuevaversion-768x564.png 768w, https:\/\/s2benvironment.org\/wp-content\/uploads\/2024\/12\/Nuevaversion-1536x1128.png 1536w, https:\/\/s2benvironment.org\/wp-content\/uploads\/2024\/12\/Nuevaversion-2048x1504.png 2048w\" sizes=\"(max-width: 2366px) 100vw, 2366px\" \/>\t\t\t\t\t\t\t\t\t\t\t\t\t\t\t<\/div>\n\t\t\t\t<\/div>\n\t\t\t\t<div class=\"elementor-element elementor-element-548c0d3 elementor-align-center elementor-widget elementor-widget-button\" data-id=\"548c0d3\" data-element_type=\"widget\" data-e-type=\"widget\" data-widget_type=\"button.default\">\n\t\t\t\t<div class=\"elementor-widget-container\">\n\t\t\t\t\t\t\t\t\t<div class=\"elementor-button-wrapper\">\n\t\t\t\t\t<a class=\"elementor-button elementor-button-link elementor-size-sm\" href=\"https:\/\/s2benvironment.org\/es\/thematic-areas\/\">\n\t\t\t\t\t\t<span class=\"elementor-button-content-wrapper\">\n\t\t\t\t\t\t\t\t\t<span class=\"elementor-button-text\">Ver nuestras \u00e1reas tem\u00e1ticas<\/span>\n\t\t\t\t\t<\/span>\n\t\t\t\t\t<\/a>\n\t\t\t\t<\/div>\n\t\t\t\t\t\t\t\t<\/div>\n\t\t\t\t<\/div>\n\t\t\t\t<\/div>\n\t\t<div class=\"elementor-element elementor-element-92aaef5 e-flex e-con-boxed e-con e-parent\" data-id=\"92aaef5\" data-element_type=\"container\" data-e-type=\"container\" data-settings=\"{&quot;background_background&quot;:&quot;classic&quot;}\">\n\t\t\t\t\t<div class=\"e-con-inner\">\n\t\t<div class=\"elementor-element elementor-element-4e01d11 e-con-full e-flex e-con e-child\" data-id=\"4e01d11\" data-element_type=\"container\" data-e-type=\"container\">\n\t\t\t\t<div class=\"elementor-element elementor-element-78ac884 elementor-widget elementor-widget-heading\" data-id=\"78ac884\" data-element_type=\"widget\" data-e-type=\"widget\" data-widget_type=\"heading.default\">\n\t\t\t\t<div class=\"elementor-widget-container\">\n\t\t\t\t\t<h2 class=\"elementor-heading-title elementor-size-default\">Qui\u00e9nes somos<\/h2>\t\t\t\t<\/div>\n\t\t\t\t<\/div>\n\t\t\t\t<\/div>\n\t\t<div class=\"elementor-element elementor-element-b18d7b1 e-con-full e-flex e-con e-child\" data-id=\"b18d7b1\" data-element_type=\"container\" data-e-type=\"container\">\n\t\t\t\t<div class=\"elementor-element elementor-element-dbc6785 elementor-widget elementor-widget-text-editor\" data-id=\"dbc6785\" data-element_type=\"widget\" data-e-type=\"widget\" data-widget_type=\"text-editor.default\">\n\t\t\t\t<div class=\"elementor-widget-container\">\n\t\t\t\t\t\t\t\t\t<p>Somos una asociaci\u00f3n de profesionales enfocados en el desarrollo sostenible, motivados por la calidad, la confianza, la flexibilidad, la transparencia y la empat\u00eda. Nuestros miembros aportan con una amplia experiencia internacional, regional y local en el dise\u00f1o, la implementaci\u00f3n y la supervisi\u00f3n de proyectos de desarrollo, complejos, en pa\u00edses en desarrollo. Estos proyectos abordan \u00e1reas cr\u00edticas relacionadas con el cambio clim\u00e1tico, la transici\u00f3n energ\u00e9tica, el transporte sostenible, el dise\u00f1o urbano, la gesti\u00f3n del agua y los residuos, y la financiaci\u00f3n sostenible. Esta vasta experiencia nos permite ofrecer servicios con una s\u00f3lida base de conocimiento local y nacional, adaptados a las necesidades espec\u00edficas de cada contexto y centrados en impulsar el impacto a largo plazo y la innovaci\u00f3n. Ofrecemos apoyo multidisciplinario en el desarrollo de capacidades, la toma de decisiones, la captaci\u00f3n de fondos, el desarrollo de pol\u00edticas y estrategias, y el fomento de redes de colaboraci\u00f3n internacional.<\/p>\t\t\t\t\t\t\t\t<\/div>\n\t\t\t\t<\/div>\n\t\t\t\t<\/div>\n\t\t\t\t\t<\/div>\n\t\t\t\t<\/div>\n\t\t<div class=\"elementor-element elementor-element-eb2a63c e-flex e-con-boxed e-con e-parent\" data-id=\"eb2a63c\" data-element_type=\"container\" data-e-type=\"container\">\n\t\t\t\t\t<div class=\"e-con-inner\">\n\t\t<div class=\"elementor-element elementor-element-0471f96 e-con-full e-flex e-con e-child\" data-id=\"0471f96\" data-element_type=\"container\" data-e-type=\"container\">\n\t\t\t\t<div class=\"elementor-element elementor-element-5b3116f elementor-widget elementor-widget-heading\" data-id=\"5b3116f\" data-element_type=\"widget\" data-e-type=\"widget\" data-widget_type=\"heading.default\">\n\t\t\t\t<div class=\"elementor-widget-container\">\n\t\t\t\t\t<h2 class=\"elementor-heading-title elementor-size-default\">Nuestra visi\u00f3n<\/h2>\t\t\t\t<\/div>\n\t\t\t\t<\/div>\n\t\t\t\t<\/div>\n\t\t<div class=\"elementor-element elementor-element-d135246 e-con-full e-flex e-con e-child\" data-id=\"d135246\" data-element_type=\"container\" data-e-type=\"container\">\n\t\t\t\t<div class=\"elementor-element elementor-element-0a5c1e7 elementor-widget elementor-widget-text-editor\" data-id=\"0a5c1e7\" data-element_type=\"widget\" data-e-type=\"widget\" data-widget_type=\"text-editor.default\">\n\t\t\t\t<div class=\"elementor-widget-container\">\n\t\t\t\t\t\t\t\t\t<p>El personal clave y las partes interesadas en el proceso de desarrollo, incluidos funcionarios del sector p\u00fablico, profesionales del sector privado, organizaciones no gubernamentales y sin fines de lucro (ONGs), instituciones acad\u00e9micas y de investigaci\u00f3n, l\u00edderes comunitarios y de la sociedad civil, trabajadores de la salud y la asistencia social, y expertos en medio ambiente e innovaci\u00f3n tecnol\u00f3gica, poseen la experiencia para dise\u00f1ar, implementar y administrar sistemas que promuevan el uso justo, equitativo, eficiente y sostenible de los recursos naturales, beneficiando tanto a la sociedad como al medio ambiente.<\/p>\t\t\t\t\t\t\t\t<\/div>\n\t\t\t\t<\/div>\n\t\t\t\t<\/div>\n\t\t\t\t\t<\/div>\n\t\t\t\t<\/div>\n\t\t<div class=\"elementor-element elementor-element-05cc970 e-flex e-con-boxed e-con e-parent\" data-id=\"05cc970\" data-element_type=\"container\" data-e-type=\"container\" data-settings=\"{&quot;background_background&quot;:&quot;classic&quot;}\">\n\t\t\t\t\t<div class=\"e-con-inner\">\n\t\t<div class=\"elementor-element elementor-element-4942c36 e-con-full e-flex e-con e-child\" data-id=\"4942c36\" data-element_type=\"container\" data-e-type=\"container\">\n\t\t\t\t<div class=\"elementor-element elementor-element-6292bc7 elementor-widget elementor-widget-heading\" data-id=\"6292bc7\" data-element_type=\"widget\" data-e-type=\"widget\" data-widget_type=\"heading.default\">\n\t\t\t\t<div class=\"elementor-widget-container\">\n\t\t\t\t\t<h2 class=\"elementor-heading-title elementor-size-default\">Nuestra misi\u00f3n<\/h2>\t\t\t\t<\/div>\n\t\t\t\t<\/div>\n\t\t\t\t<\/div>\n\t\t<div class=\"elementor-element elementor-element-ac18eff e-con-full e-flex e-con e-child\" data-id=\"ac18eff\" data-element_type=\"container\" data-e-type=\"container\">\n\t\t\t\t<div class=\"elementor-element elementor-element-d0ae668 elementor-widget elementor-widget-text-editor\" data-id=\"d0ae668\" data-element_type=\"widget\" data-e-type=\"widget\" data-widget_type=\"text-editor.default\">\n\t\t\t\t<div class=\"elementor-widget-container\">\n\t\t\t\t\t\t\t\t\t<p>Apoyar al personal clave y a las Partes interesadas, de los pa\u00edses socios, aportando nuevos conocimientos, fomentando la innovaci\u00f3n, compartiendo la experiencia global y ofreciendo asesoramiento cr\u00edtico y generando confianza. Todo esto los capacita para apropiarse de sus procesos de desarrollo, liderar el progreso y crear la capacidad necesaria para afrontar futuras crisis, cambios, y retos para asumir las mismas.<\/p>\t\t\t\t\t\t\t\t<\/div>\n\t\t\t\t<\/div>\n\t\t\t\t<\/div>\n\t\t\t\t\t<\/div>\n\t\t\t\t<\/div>\n\t\t<div class=\"elementor-element elementor-element-52cdc0c e-con-full e-flex e-con e-parent\" data-id=\"52cdc0c\" data-element_type=\"container\" data-e-type=\"container\">\n\t\t\t\t<\/div>\n\t\t\t\t<\/div>","protected":false},"excerpt":{"rendered":"<p>See our thematic areas Who we are We are a partnership of professionals focusing on sustainable development motivated by quality, trust, flexibility, transparency, and empathy. Our members bring extensive international, regional, and local experience in designing, implementing, and monitoring complex development projects in the Global South. These projects address critical areas linked to climate change, [&hellip;]<\/p>\n","protected":false},"author":1,"featured_media":0,"parent":0,"menu_order":0,"comment_status":"closed","ping_status":"closed","template":"","meta":{"footnotes":""},"class_list":["post-81","page","type-page","status-publish","hentry"],"rttpg_featured_image_url":null,"rttpg_author":{"display_name":"admin","author_link":"https:\/\/s2benvironment.org\/es\/author\/admin\/"},"rttpg_comment":0,"rttpg_category":null,"rttpg_excerpt":"See our thematic areas Who we are We are a partnership of professionals focusing on sustainable development motivated by quality, trust, flexibility, transparency, and empathy. Our members bring extensive international, regional, and local experience in designing, implementing, and monitoring complex development projects in the Global South. These projects address critical areas linked to climate change,&hellip;","_links":{"self":[{"href":"https:\/\/s2benvironment.org\/es\/wp-json\/wp\/v2\/pages\/81","targetHints":{"allow":["GET"]}}],"collection":[{"href":"https:\/\/s2benvironment.org\/es\/wp-json\/wp\/v2\/pages"}],"about":[{"href":"https:\/\/s2benvironment.org\/es\/wp-json\/wp\/v2\/types\/page"}],"author":[{"embeddable":true,"href":"https:\/\/s2benvironment.org\/es\/wp-json\/wp\/v2\/users\/1"}],"replies":[{"embeddable":true,"href":"https:\/\/s2benvironment.org\/es\/wp-json\/wp\/v2\/comments?post=81"}],"version-history":[{"count":139,"href":"https:\/\/s2benvironment.org\/es\/wp-json\/wp\/v2\/pages\/81\/revisions"}],"predecessor-version":[{"id":1423,"href":"https:\/\/s2benvironment.org\/es\/wp-json\/wp\/v2\/pages\/81\/revisions\/1423"}],"wp:attachment":[{"href":"https:\/\/s2benvironment.org\/es\/wp-json\/wp\/v2\/media?parent=81"}],"curies":[{"name":"wp","href":"https:\/\/api.w.org\/{rel}","templated":true}]}}