{"id":660,"date":"2025-01-05T22:45:52","date_gmt":"2025-01-05T22:45:52","guid":{"rendered":"https:\/\/s2benvironment.org\/?page_id=660"},"modified":"2025-02-28T05:19:03","modified_gmt":"2025-02-28T05:19:03","slug":"publications","status":"publish","type":"page","link":"https:\/\/s2benvironment.org\/es\/publications\/","title":{"rendered":"Publicaciones"},"content":{"rendered":"<div data-elementor-type=\"wp-page\" data-elementor-id=\"660\" class=\"elementor elementor-660\">\n\t\t\t\t<div class=\"elementor-element elementor-element-83e2075 e-flex e-con-boxed e-con e-parent\" data-id=\"83e2075\" data-element_type=\"container\" data-e-type=\"container\">\n\t\t\t\t\t<div class=\"e-con-inner\">\n\t\t\t\t<div class=\"elementor-element elementor-element-3129a34 meta-visibility-show title_position_default title_hover_border_default title-default img_hover_animation_default meta_position_default tpg-is-author-icon-show author-image-visibility-icon tpg-category-position-default readmore-btn-default-style grid-hover-overlay-type-always tpg-el-box-border-enable tpg-border-bottom-disable elementor-widget elementor-widget-tpg-list-layout\" data-id=\"3129a34\" data-element_type=\"widget\" data-e-type=\"widget\" data-widget_type=\"tpg-list-layout.default\">\n\t\t\t\t<div class=\"elementor-widget-container\">\n\t\t\t\t\t\n        <div class=\"rt-container-fluid rt-tpg-container tpg-el-main-wrapper list-layout1-main\"\n             data-sc-id=\"elementor\"\n             id=\"rt-tpg-container-628023798\"\n             data-layout=\"list-layout1\"\n             data-grid-style=\"tpg-even\"\n             data-el-settings=''\n             data-el-query=''\n             data-el-path=''\n        >\n\t\t\t            <div class='tpg-header-wrapper'>\n\t\t\t\t            <\/div>\n\n            <div data-title=\"Loading ...\" class=\"rt-row rt-content-loader list-layout1 tpg-even list-behaviour list-layout-wrapper\">\n\t\t\t\t\n<div class=\"rt-col-md-12 rt-col-sm-12 rt-col-xs-12 default rt-list-item rt-grid-item\" data-id=\"1416\">\n\t<div class=\"rt-holder tpg-post-holder\">\n\t\t<div class=\"rt-detail rt-el-content-wrapper\">\n\t\t\t\t\t\t\t<div class=\"rt-img-holder tpg-el-image-wrap has-no-thumbnail\">\n\t\t\t\t\t<a data-id=\"1416\" href=\"https:\/\/s2benvironment.org\/es\/services-s2be-can-provide\/\" class=\"tpg-post-link\" target=\"_self\">\t\t\n\t\t<\/a>\n\t\t        <div class=\"overlay grid-hover-content\"><\/div>\n\t\t\t\t\t\t<\/div>\n\t\t\t\n\t\t\t<div class=\"post-right-content\">\n\t\t\t\t<div class=\"entry-title-wrapper\"><h3 class=\"entry-title\"><a data-id=\"1416\" href=\"https:\/\/s2benvironment.org\/es\/services-s2be-can-provide\/\" class=\"tpg-post-link\" target=\"_self\">Services S2BE can provide<\/a><\/h3><\/div>\n\t\t\t\t\t\t\t\t\t<div class=\"post-meta-tags rt-el-post-meta\">\n\t\t\t\t\t\t            <span class='author'>\n\n\t\t\t\t<i class='fa fa-user'><\/i><span class='author-prefix'>By<\/span><a href=\"https:\/\/s2benvironment.org\/es\/author\/jorogat\/\">Jorge Rogat<\/a>\t\t\t<\/span>\n\t\t\t            <span class='date'>\n\t\t\t\t<i class='far fa-calendar-alt'><\/i>\t\t\t\t                    <a href=\"https:\/\/s2benvironment.org\/es\/2025\/11\/12\/\">\n\t\t\t\t\tnoviembre 12, 2025\t\t\t\t<\/a>\n\t\t\t\t\t\t\t<\/span>\n\t\t\t            <span class='categories-links'>\n\t\t\t\t<i class='fas fa-folder-open'><\/i><a class=\"uncategorized\" href=\"https:\/\/s2benvironment.org\/es\/category\/uncategorized\/\">Uncategorized<\/a>\t\t\t<\/span>\n\t\t\t\t\t\t\t\t<\/div>\n\t\t\t\t\n\t\t\t\t\t\t\t\t\t<div class=\"tpg-excerpt tpg-el-excerpt\">\n\t\t\t\t\t\t\t\t\t\t\t\t\t<div class=\"tpg-excerpt-inner\">\n\t\t\t\t\t\t\t\t...\t\t\t\t\t\t\t<\/div>\n\t\t\t\t\t\t\t\t\t\t\t\t\t\t\t\t\t<\/div>\n\t\t\t\t\n\t\t\t\t        <div class=\"post-footer\">\n            <div class=\"post-footer\">\n                <div class=\"read-more\">\n\t\t\t\t\t<a data-id=\"1416\" href=\"https:\/\/s2benvironment.org\/es\/services-s2be-can-provide\/\" class=\"tpg-post-link\" target=\"_self\">Leer m\u00e1s<\/a>                <\/div>\n            <\/div>\n        <\/div>\n\t\t\t\t\t<\/div>\n\t\t<\/div>\n\t<\/div>\n<\/div>\n\n<div class=\"rt-col-md-12 rt-col-sm-12 rt-col-xs-12 default rt-list-item rt-grid-item\" data-id=\"998\">\n\t<div class=\"rt-holder tpg-post-holder\">\n\t\t<div class=\"rt-detail rt-el-content-wrapper\">\n\t\t\t\t\t\t\t<div class=\"rt-img-holder tpg-el-image-wrap has-thumbnail\">\n\t\t\t\t\t<a data-id=\"998\" href=\"https:\/\/s2benvironment.org\/es\/strategy-for-energy-sector-policymakers-to-support-the-implementation-of-nationally-determined-contributions\/\" class=\"tpg-post-link\" target=\"_self\">                        <img fetchpriority=\"high\" decoding=\"async\" src=\"https:\/\/s2benvironment.org\/wp-content\/uploads\/2025\/03\/Picture-768x479.png\"\n                             class=\"rt-img-responsive\"\n                             width=\"768\"\n                             height=\"479\"\n                             alt=\"STRATEGY FOR ENERGY SECTOR POLICY MAKERS IN SUPPORT OF THE IMPLEMENTATION OF NATIONALLY DETERMINED CONTRIBUTIONS\">\n\t\t\t\t\t\t\n\t\t\t\t\t\t\t\n\t\t<\/a>\n\t\t        <div class=\"overlay grid-hover-content\"><\/div>\n\t\t\t\t\t\t<\/div>\n\t\t\t\n\t\t\t<div class=\"post-right-content\">\n\t\t\t\t<div class=\"entry-title-wrapper\"><h3 class=\"entry-title\"><a data-id=\"998\" href=\"https:\/\/s2benvironment.org\/es\/strategy-for-energy-sector-policymakers-to-support-the-implementation-of-nationally-determined-contributions\/\" class=\"tpg-post-link\" target=\"_self\">ESTRATEGIA PARA RESPONSABLES DE POL\u00cdTICAS DEL SECTOR DE ENERG\u00cdA EN APOYO A LA IMPLEMENTACI\u00d3N DE LAS CONTRIBUCIONES NACIONALES DETERMINADAS<\/a><\/h3><\/div>\n\t\t\t\t\t\t\t\t\t<div class=\"post-meta-tags rt-el-post-meta\">\n\t\t\t\t\t\t            <span class='author'>\n\n\t\t\t\t<i class='fa fa-user'><\/i><span class='author-prefix'>By<\/span><a href=\"https:\/\/s2benvironment.org\/es\/author\/admin\/\">admin<\/a>\t\t\t<\/span>\n\t\t\t            <span class='date'>\n\t\t\t\t<i class='far fa-calendar-alt'><\/i>\t\t\t\t                    <a href=\"https:\/\/s2benvironment.org\/es\/2025\/03\/17\/\">\n\t\t\t\t\tmarzo 17, 2025\t\t\t\t<\/a>\n\t\t\t\t\t\t\t<\/span>\n\t\t\t            <span class='categories-links'>\n\t\t\t\t<i class='fas fa-folder-open'><\/i><a class=\"energy-transition\" href=\"https:\/\/s2benvironment.org\/es\/category\/energy-transition\/\">Transici\u00f3n energ\u00e9tica<\/a><span class=\"rt-separator\">,<\/span><a class=\"net-zero\" href=\"https:\/\/s2benvironment.org\/es\/category\/net-zero\/\">Net Zero<\/a>\t\t\t<\/span>\n\t\t\t\t\t\t\t\t<\/div>\n\t\t\t\t\n\t\t\t\t\t\t\t\t\t<div class=\"tpg-excerpt tpg-el-excerpt\">\n\t\t\t\t\t\t\t\t\t\t\t\t\t<div class=\"tpg-excerpt-inner\">\n\t\t\t\t\t\t\t\tEstrategia Para Responsables de Pol\u00edticas Del Sector de Energ\u00eda Para La Implementaci\u00f3n de Las NDCs...\t\t\t\t\t\t\t<\/div>\n\t\t\t\t\t\t\t\t\t\t\t\t\t\t\t\t\t<\/div>\n\t\t\t\t\n\t\t\t\t        <div class=\"post-footer\">\n            <div class=\"post-footer\">\n                <div class=\"read-more\">\n\t\t\t\t\t<a data-id=\"998\" href=\"https:\/\/s2benvironment.org\/es\/strategy-for-energy-sector-policymakers-to-support-the-implementation-of-nationally-determined-contributions\/\" class=\"tpg-post-link\" target=\"_self\">Leer m\u00e1s<\/a>                <\/div>\n            <\/div>\n        <\/div>\n\t\t\t\t\t<\/div>\n\t\t<\/div>\n\t<\/div>\n<\/div>\n\n<div class=\"rt-col-md-12 rt-col-sm-12 rt-col-xs-12 default rt-list-item rt-grid-item\" data-id=\"951\">\n\t<div class=\"rt-holder tpg-post-holder\">\n\t\t<div class=\"rt-detail rt-el-content-wrapper\">\n\t\t\t\t\t\t\t<div class=\"rt-img-holder tpg-el-image-wrap has-thumbnail\">\n\t\t\t\t\t<a data-id=\"951\" href=\"https:\/\/s2benvironment.org\/es\/marco-de-gobernanza-requerida-para-el-monitoreo-de-los-indicadores-climaticos-de-las-metas-de-las-cnd-de-bolivia-para-los-sectores-de-agua-energia-y-agropecuaria\/\" class=\"tpg-post-link\" target=\"_self\">                        <img decoding=\"async\" src=\"https:\/\/s2benvironment.org\/wp-content\/uploads\/2025\/03\/Screen_2.png\"\n                             class=\"rt-img-responsive\"\n                             width=\"768\"\n                             height=\"503\"\n                             alt=\"Governance Framework required for monitoring the climate indicators of Bolivia&#8217;s NDC targets for the Water, Energy and Agriculture sectors\">\n\t\t\t\t\t\t\n\t\t\t\t\t\t\t\n\t\t<\/a>\n\t\t        <div class=\"overlay grid-hover-content\"><\/div>\n\t\t\t\t\t\t<\/div>\n\t\t\t\n\t\t\t<div class=\"post-right-content\">\n\t\t\t\t<div class=\"entry-title-wrapper\"><h3 class=\"entry-title\"><a data-id=\"951\" href=\"https:\/\/s2benvironment.org\/es\/marco-de-gobernanza-requerida-para-el-monitoreo-de-los-indicadores-climaticos-de-las-metas-de-las-cnd-de-bolivia-para-los-sectores-de-agua-energia-y-agropecuaria\/\" class=\"tpg-post-link\" target=\"_self\">MARCO DE GOBERNANZA REQUERIDA PARA EL MONITOREO DE LOS INDICADORES CLIM\u00c1TICOS DE LAS METAS DE LAS CND DE BOLIVIA, PARA LOS SECTORES DE AGUA, ENERG\u00cdA Y AGROPECUARIA.<\/a><\/h3><\/div>\n\t\t\t\t\t\t\t\t\t<div class=\"post-meta-tags rt-el-post-meta\">\n\t\t\t\t\t\t            <span class='author'>\n\n\t\t\t\t<i class='fa fa-user'><\/i><span class='author-prefix'>By<\/span><a href=\"https:\/\/s2benvironment.org\/es\/author\/admin\/\">admin<\/a>\t\t\t<\/span>\n\t\t\t            <span class='date'>\n\t\t\t\t<i class='far fa-calendar-alt'><\/i>\t\t\t\t                    <a href=\"https:\/\/s2benvironment.org\/es\/2025\/03\/07\/\">\n\t\t\t\t\tmarzo 7, 2025\t\t\t\t<\/a>\n\t\t\t\t\t\t\t<\/span>\n\t\t\t            <span class='categories-links'>\n\t\t\t\t<i class='fas fa-folder-open'><\/i><a class=\"net-zero\" href=\"https:\/\/s2benvironment.org\/es\/category\/net-zero\/\">Net Zero<\/a><span class=\"rt-separator\">,<\/span><a class=\"uncategorized\" href=\"https:\/\/s2benvironment.org\/es\/category\/uncategorized\/\">Uncategorized<\/a>\t\t\t<\/span>\n\t\t\t\t\t\t\t\t<\/div>\n\t\t\t\t\n\t\t\t\t\t\t\t\t\t<div class=\"tpg-excerpt tpg-el-excerpt\">\n\t\t\t\t\t\t\t\t\t\t\t\t\t<div class=\"tpg-excerpt-inner\">\n\t\t\t\t\t\t\t\tMARCO DE GOBERNANZA REQUERIDA PARA EL MONITOREO DE LOS INDICADORES CLIM\u00c1TICOS DE LAS METAS DE LAS...\t\t\t\t\t\t\t<\/div>\n\t\t\t\t\t\t\t\t\t\t\t\t\t\t\t\t\t<\/div>\n\t\t\t\t\n\t\t\t\t        <div class=\"post-footer\">\n            <div class=\"post-footer\">\n                <div class=\"read-more\">\n\t\t\t\t\t<a data-id=\"951\" href=\"https:\/\/s2benvironment.org\/es\/marco-de-gobernanza-requerida-para-el-monitoreo-de-los-indicadores-climaticos-de-las-metas-de-las-cnd-de-bolivia-para-los-sectores-de-agua-energia-y-agropecuaria\/\" class=\"tpg-post-link\" target=\"_self\">Leer m\u00e1s<\/a>                <\/div>\n            <\/div>\n        <\/div>\n\t\t\t\t\t<\/div>\n\t\t<\/div>\n\t<\/div>\n<\/div>\n\n<div class=\"rt-col-md-12 rt-col-sm-12 rt-col-xs-12 default rt-list-item rt-grid-item\" data-id=\"946\">\n\t<div class=\"rt-holder tpg-post-holder\">\n\t\t<div class=\"rt-detail rt-el-content-wrapper\">\n\t\t\t\t\t\t\t<div class=\"rt-img-holder tpg-el-image-wrap has-thumbnail\">\n\t\t\t\t\t<a data-id=\"946\" href=\"https:\/\/s2benvironment.org\/es\/manual-orientativo-para-el-monitoreo-y-reporte-de-los-indicadores-climaticos-de-las-metas-de-la-ndc-actualizada-de-bolivia-de-los-sectores-energia-agua-y-agropecuario-bajo-el-marco-de-transparencia\/\" class=\"tpg-post-link\" target=\"_self\">                        <img decoding=\"async\" src=\"https:\/\/s2benvironment.org\/wp-content\/uploads\/2025\/03\/screen.webp\"\n                             class=\"rt-img-responsive\"\n                             width=\"768\"\n                             height=\"481\"\n                             alt=\"Guidance Manual for the monitoring and reporting of climate indicators for Bolivia&#8217;s targets set out in the update NDC for the energy, water and agriculture sectors, within the framework of the Enhanced Transparency Framework\">\n\t\t\t\t\t\t\n\t\t\t\t\t\t\t\n\t\t<\/a>\n\t\t        <div class=\"overlay grid-hover-content\"><\/div>\n\t\t\t\t\t\t<\/div>\n\t\t\t\n\t\t\t<div class=\"post-right-content\">\n\t\t\t\t<div class=\"entry-title-wrapper\"><h3 class=\"entry-title\"><a data-id=\"946\" href=\"https:\/\/s2benvironment.org\/es\/manual-orientativo-para-el-monitoreo-y-reporte-de-los-indicadores-climaticos-de-las-metas-de-la-ndc-actualizada-de-bolivia-de-los-sectores-energia-agua-y-agropecuario-bajo-el-marco-de-transparencia\/\" class=\"tpg-post-link\" target=\"_self\">MANUAL ORIENTATIVO PARA EL MONITOREO Y REPORTE DE LOS INDICADORES CLIM\u00c1TICOS DE LAS METAS DE LA NDC ACTUALIZADA DE BOLIVIA DE LOS SECTORES ENERG\u00cdA, AGUA Y AGROPECUARIO, BAJO EL MARCO DE TRANSPARENCIA REFORZADA<\/a><\/h3><\/div>\n\t\t\t\t\t\t\t\t\t<div class=\"post-meta-tags rt-el-post-meta\">\n\t\t\t\t\t\t            <span class='author'>\n\n\t\t\t\t<i class='fa fa-user'><\/i><span class='author-prefix'>By<\/span><a href=\"https:\/\/s2benvironment.org\/es\/author\/admin\/\">admin<\/a>\t\t\t<\/span>\n\t\t\t            <span class='date'>\n\t\t\t\t<i class='far fa-calendar-alt'><\/i>\t\t\t\t                    <a href=\"https:\/\/s2benvironment.org\/es\/2025\/03\/07\/\">\n\t\t\t\t\tmarzo 7, 2025\t\t\t\t<\/a>\n\t\t\t\t\t\t\t<\/span>\n\t\t\t            <span class='categories-links'>\n\t\t\t\t<i class='fas fa-folder-open'><\/i><a class=\"net-zero\" href=\"https:\/\/s2benvironment.org\/es\/category\/net-zero\/\">Net Zero<\/a>\t\t\t<\/span>\n\t\t\t\t\t\t\t\t<\/div>\n\t\t\t\t\n\t\t\t\t\t\t\t\t\t<div class=\"tpg-excerpt tpg-el-excerpt\">\n\t\t\t\t\t\t\t\t\t\t\t\t\t<div class=\"tpg-excerpt-inner\">\n\t\t\t\t\t\t\t\tMANUAL ORIENTATIVO PARA EL MONITOREO Y REPORTE DE LOS INDICADORES CLIM\u00c1TICOS DE LAS METAS DE LA NDC...\t\t\t\t\t\t\t<\/div>\n\t\t\t\t\t\t\t\t\t\t\t\t\t\t\t\t\t<\/div>\n\t\t\t\t\n\t\t\t\t        <div class=\"post-footer\">\n            <div class=\"post-footer\">\n                <div class=\"read-more\">\n\t\t\t\t\t<a data-id=\"946\" href=\"https:\/\/s2benvironment.org\/es\/manual-orientativo-para-el-monitoreo-y-reporte-de-los-indicadores-climaticos-de-las-metas-de-la-ndc-actualizada-de-bolivia-de-los-sectores-energia-agua-y-agropecuario-bajo-el-marco-de-transparencia\/\" class=\"tpg-post-link\" target=\"_self\">Leer m\u00e1s<\/a>                <\/div>\n            <\/div>\n        <\/div>\n\t\t\t\t\t<\/div>\n\t\t<\/div>\n\t<\/div>\n<\/div>\n\n<div class=\"rt-col-md-12 rt-col-sm-12 rt-col-xs-12 default rt-list-item rt-grid-item\" data-id=\"825\">\n\t<div class=\"rt-holder tpg-post-holder\">\n\t\t<div class=\"rt-detail rt-el-content-wrapper\">\n\t\t\t\t\t\t\t<div class=\"rt-img-holder tpg-el-image-wrap has-thumbnail\">\n\t\t\t\t\t<a data-id=\"825\" href=\"https:\/\/s2benvironment.org\/es\/the-road-forward\/\" class=\"tpg-post-link\" target=\"_self\">                        <img loading=\"lazy\" decoding=\"async\" src=\"https:\/\/s2benvironment.org\/wp-content\/uploads\/2025\/02\/Theroadforwards-768x554.png\"\n                             class=\"rt-img-responsive\"\n                             width=\"768\"\n                             height=\"554\"\n                             alt=\"The road forward\">\n\t\t\t\t\t\t\n\t\t\t\t\t\t\t\n\t\t<\/a>\n\t\t        <div class=\"overlay grid-hover-content\"><\/div>\n\t\t\t\t\t\t<\/div>\n\t\t\t\n\t\t\t<div class=\"post-right-content\">\n\t\t\t\t<div class=\"entry-title-wrapper\"><h3 class=\"entry-title\"><a data-id=\"825\" href=\"https:\/\/s2benvironment.org\/es\/the-road-forward\/\" class=\"tpg-post-link\" target=\"_self\">CAMINO HACIA ADELANTE<\/a><\/h3><\/div>\n\t\t\t\t\t\t\t\t\t<div class=\"post-meta-tags rt-el-post-meta\">\n\t\t\t\t\t\t            <span class='author'>\n\n\t\t\t\t<i class='fa fa-user'><\/i><span class='author-prefix'>By<\/span><a href=\"https:\/\/s2benvironment.org\/es\/author\/admin\/\">admin<\/a>\t\t\t<\/span>\n\t\t\t            <span class='date'>\n\t\t\t\t<i class='far fa-calendar-alt'><\/i>\t\t\t\t                    <a href=\"https:\/\/s2benvironment.org\/es\/2025\/02\/28\/\">\n\t\t\t\t\tfebrero 28, 2025\t\t\t\t<\/a>\n\t\t\t\t\t\t\t<\/span>\n\t\t\t            <span class='categories-links'>\n\t\t\t\t<i class='fas fa-folder-open'><\/i><a class=\"sustainable-transport\" href=\"https:\/\/s2benvironment.org\/es\/category\/sustainable-transport\/\">Transporte sostenible<\/a>\t\t\t<\/span>\n\t\t\t\t\t\t\t\t<\/div>\n\t\t\t\t\n\t\t\t\t\t\t\t\t\t<div class=\"tpg-excerpt tpg-el-excerpt\">\n\t\t\t\t\t\t\t\t\t\t\t\t\t<div class=\"tpg-excerpt-inner\">\n\t\t\t\t\t\t\t\tThe road forward Cost-effective policy measures to decrease emissions from passenger land transport...\t\t\t\t\t\t\t<\/div>\n\t\t\t\t\t\t\t\t\t\t\t\t\t\t\t\t\t<\/div>\n\t\t\t\t\n\t\t\t\t        <div class=\"post-footer\">\n            <div class=\"post-footer\">\n                <div class=\"read-more\">\n\t\t\t\t\t<a data-id=\"825\" href=\"https:\/\/s2benvironment.org\/es\/the-road-forward\/\" class=\"tpg-post-link\" target=\"_self\">Leer m\u00e1s<\/a>                <\/div>\n            <\/div>\n        <\/div>\n\t\t\t\t\t<\/div>\n\t\t<\/div>\n\t<\/div>\n<\/div>\n\n<div class=\"rt-col-md-12 rt-col-sm-12 rt-col-xs-12 default rt-list-item rt-grid-item\" data-id=\"786\">\n\t<div class=\"rt-holder tpg-post-holder\">\n\t\t<div class=\"rt-detail rt-el-content-wrapper\">\n\t\t\t\t\t\t\t<div class=\"rt-img-holder tpg-el-image-wrap has-thumbnail\">\n\t\t\t\t\t<a data-id=\"786\" href=\"https:\/\/s2benvironment.org\/es\/integrating-climate-change-with-somalias-development-the-case-for-water\/\" class=\"tpg-post-link\" target=\"_self\">                        <img loading=\"lazy\" decoding=\"async\" src=\"https:\/\/s2benvironment.org\/wp-content\/uploads\/2025\/02\/so-economic-update-768x432.jpg\"\n                             class=\"rt-img-responsive\"\n                             width=\"768\"\n                             height=\"432\"\n                             alt=\"Integrating Climate Change with Somalia\u2019s Development: The Case for Water\">\n\t\t\t\t\t\t\n\t\t\t\t\t\t\t\n\t\t<\/a>\n\t\t        <div class=\"overlay grid-hover-content\"><\/div>\n\t\t\t\t\t\t<\/div>\n\t\t\t\n\t\t\t<div class=\"post-right-content\">\n\t\t\t\t<div class=\"entry-title-wrapper\"><h3 class=\"entry-title\"><a data-id=\"786\" href=\"https:\/\/s2benvironment.org\/es\/integrating-climate-change-with-somalias-development-the-case-for-water\/\" class=\"tpg-post-link\" target=\"_self\">Integraci\u00f3n del cambio clim\u00e1tico en el desarrollo de Somalia: El caso del agua<\/a><\/h3><\/div>\n\t\t\t\t\t\t\t\t\t<div class=\"post-meta-tags rt-el-post-meta\">\n\t\t\t\t\t\t            <span class='author'>\n\n\t\t\t\t<i class='fa fa-user'><\/i><span class='author-prefix'>By<\/span><a href=\"https:\/\/s2benvironment.org\/es\/author\/admin\/\">admin<\/a>\t\t\t<\/span>\n\t\t\t            <span class='date'>\n\t\t\t\t<i class='far fa-calendar-alt'><\/i>\t\t\t\t                    <a href=\"https:\/\/s2benvironment.org\/es\/2025\/02\/20\/\">\n\t\t\t\t\tfebrero 20, 2025\t\t\t\t<\/a>\n\t\t\t\t\t\t\t<\/span>\n\t\t\t            <span class='categories-links'>\n\t\t\t\t<i class='fas fa-folder-open'><\/i><a class=\"water-managemente\" href=\"https:\/\/s2benvironment.org\/es\/category\/water-managemente\/\">Water Managemente<\/a>\t\t\t<\/span>\n\t\t\t\t\t\t\t\t<\/div>\n\t\t\t\t\n\t\t\t\t\t\t\t\t\t<div class=\"tpg-excerpt tpg-el-excerpt\">\n\t\t\t\t\t\t\t\t\t\t\t\t\t<div class=\"tpg-excerpt-inner\">\n\t\t\t\t\t\t\t\tIntegrating Climate Change with Somalia\u2019s Development: The Case for Water NAIROBI,&nbsp;November 30...\t\t\t\t\t\t\t<\/div>\n\t\t\t\t\t\t\t\t\t\t\t\t\t\t\t\t\t<\/div>\n\t\t\t\t\n\t\t\t\t        <div class=\"post-footer\">\n            <div class=\"post-footer\">\n                <div class=\"read-more\">\n\t\t\t\t\t<a data-id=\"786\" href=\"https:\/\/s2benvironment.org\/es\/integrating-climate-change-with-somalias-development-the-case-for-water\/\" class=\"tpg-post-link\" target=\"_self\">Leer m\u00e1s<\/a>                <\/div>\n            <\/div>\n        <\/div>\n\t\t\t\t\t<\/div>\n\t\t<\/div>\n\t<\/div>\n<\/div>\n\n<div class=\"rt-col-md-12 rt-col-sm-12 rt-col-xs-12 default rt-list-item rt-grid-item\" data-id=\"705\">\n\t<div class=\"rt-holder tpg-post-holder\">\n\t\t<div class=\"rt-detail rt-el-content-wrapper\">\n\t\t\t\t\t\t\t<div class=\"rt-img-holder tpg-el-image-wrap has-thumbnail\">\n\t\t\t\t\t<a data-id=\"705\" href=\"https:\/\/s2benvironment.org\/es\/design-of-a-proposal-for-a-financial-mechanism-and-a-microfinanceproduct-directed-at-small-and-medium-producers-from-the-camelidsector-of-the-bolivian-altiplano-to-support-agricultural-productionand-a\/\" class=\"tpg-post-link\" target=\"_self\">                        <img loading=\"lazy\" decoding=\"async\" src=\"https:\/\/s2benvironment.org\/wp-content\/uploads\/2025\/04\/preview.png\"\n                             class=\"rt-img-responsive\"\n                             width=\"768\"\n                             height=\"503\"\n                             alt=\"Design of a proposal for a financial mechanism and a microfinanceproduct directed at small and medium producers from the camelidsector of the Bolivian Altiplano to support agricultural productionand adaptation to climate change\">\n\t\t\t\t\t\t\n\t\t\t\t\t\t\t\n\t\t<\/a>\n\t\t        <div class=\"overlay grid-hover-content\"><\/div>\n\t\t\t\t\t\t<\/div>\n\t\t\t\n\t\t\t<div class=\"post-right-content\">\n\t\t\t\t<div class=\"entry-title-wrapper\"><h3 class=\"entry-title\"><a data-id=\"705\" href=\"https:\/\/s2benvironment.org\/es\/design-of-a-proposal-for-a-financial-mechanism-and-a-microfinanceproduct-directed-at-small-and-medium-producers-from-the-camelidsector-of-the-bolivian-altiplano-to-support-agricultural-productionand-a\/\" class=\"tpg-post-link\" target=\"_self\">Dise\u00f1o de una propuesta de mecanismo financiero y de un Producto microfinanciero para apoyar la producci\u00f3n agropecuaria y su adaptaci\u00f3n al cambio clim\u00e1tico de los peque\u00f1os y medianos productores del sector cam\u00e9lido del Altiplano de Bolivia<\/a><\/h3><\/div>\n\t\t\t\t\t\t\t\t\t<div class=\"post-meta-tags rt-el-post-meta\">\n\t\t\t\t\t\t            <span class='author'>\n\n\t\t\t\t<i class='fa fa-user'><\/i><span class='author-prefix'>By<\/span><a href=\"https:\/\/s2benvironment.org\/es\/author\/admin\/\">admin<\/a>\t\t\t<\/span>\n\t\t\t            <span class='date'>\n\t\t\t\t<i class='far fa-calendar-alt'><\/i>\t\t\t\t                    <a href=\"https:\/\/s2benvironment.org\/es\/2025\/01\/07\/\">\n\t\t\t\t\tenero 7, 2025\t\t\t\t<\/a>\n\t\t\t\t\t\t\t<\/span>\n\t\t\t            <span class='categories-links'>\n\t\t\t\t<i class='fas fa-folder-open'><\/i><a class=\"sustainable-finance\" href=\"https:\/\/s2benvironment.org\/es\/category\/sustainable-finance\/\">Finanzas sostenibles<\/a>\t\t\t<\/span>\n\t\t\t\t\t\t\t\t<\/div>\n\t\t\t\t\n\t\t\t\t\t\t\t\t\t<div class=\"tpg-excerpt tpg-el-excerpt\">\n\t\t\t\t\t\t\t\t\t\t\t\t\t<div class=\"tpg-excerpt-inner\">\n\t\t\t\t\t\t\t\tDesign of a proposal for a financial mechanism and a microfinance product directed at small and...\t\t\t\t\t\t\t<\/div>\n\t\t\t\t\t\t\t\t\t\t\t\t\t\t\t\t\t<\/div>\n\t\t\t\t\n\t\t\t\t        <div class=\"post-footer\">\n            <div class=\"post-footer\">\n                <div class=\"read-more\">\n\t\t\t\t\t<a data-id=\"705\" href=\"https:\/\/s2benvironment.org\/es\/design-of-a-proposal-for-a-financial-mechanism-and-a-microfinanceproduct-directed-at-small-and-medium-producers-from-the-camelidsector-of-the-bolivian-altiplano-to-support-agricultural-productionand-a\/\" class=\"tpg-post-link\" target=\"_self\">Leer m\u00e1s<\/a>                <\/div>\n            <\/div>\n        <\/div>\n\t\t\t\t\t<\/div>\n\t\t<\/div>\n\t<\/div>\n<\/div>\n            <\/div>\n\n\t\t\t\n        <\/div>\n\t\t\t\t\t\t<\/div>\n\t\t\t\t<\/div>\n\t\t\t\t\t<\/div>\n\t\t\t\t<\/div>\n\t\t<div class=\"elementor-element elementor-element-f175a21 e-flex e-con-boxed e-con e-parent\" data-id=\"f175a21\" data-element_type=\"container\" data-e-type=\"container\">\n\t\t\t\t\t<div class=\"e-con-inner\">\n\t\t\t\t\t<\/div>\n\t\t\t\t<\/div>\n\t\t\t\t<\/div>","protected":false},"excerpt":{"rendered":"<p>Integrating Climate Change with Somalia\u2019s Development: The Case for Water Byadmin February 20, 2025 Water Managemente Integrating Climate Change with Somalia\u2019s Development: The Case for Water NAIROBI,&nbsp;November 30&#8230; Read More Design of a proposal for a financial mechanism and a microfinanceproduct directed at small and medium producers from the camelidsector of the Bolivian Altiplano to [&hellip;]<\/p>\n","protected":false},"author":1,"featured_media":0,"parent":0,"menu_order":0,"comment_status":"closed","ping_status":"closed","template":"","meta":{"footnotes":""},"class_list":["post-660","page","type-page","status-publish","hentry"],"rttpg_featured_image_url":null,"rttpg_author":{"display_name":"admin","author_link":"https:\/\/s2benvironment.org\/es\/author\/admin\/"},"rttpg_comment":0,"rttpg_category":"","rttpg_excerpt":"Integrating Climate Change with Somalia\u2019s Development: The Case for Water Byadmin February 20, 2025 Water Managemente Integrating Climate Change with Somalia\u2019s Development: The Case for Water NAIROBI,&nbsp;November 30&#8230; Read More Design of a proposal for a financial mechanism and a microfinanceproduct directed at small and medium producers from the camelidsector of the Bolivian Altiplano to&hellip;","_links":{"self":[{"href":"https:\/\/s2benvironment.org\/es\/wp-json\/wp\/v2\/pages\/660","targetHints":{"allow":["GET"]}}],"collection":[{"href":"https:\/\/s2benvironment.org\/es\/wp-json\/wp\/v2\/pages"}],"about":[{"href":"https:\/\/s2benvironment.org\/es\/wp-json\/wp\/v2\/types\/page"}],"author":[{"embeddable":true,"href":"https:\/\/s2benvironment.org\/es\/wp-json\/wp\/v2\/users\/1"}],"replies":[{"embeddable":true,"href":"https:\/\/s2benvironment.org\/es\/wp-json\/wp\/v2\/comments?post=660"}],"version-history":[{"count":8,"href":"https:\/\/s2benvironment.org\/es\/wp-json\/wp\/v2\/pages\/660\/revisions"}],"predecessor-version":[{"id":818,"href":"https:\/\/s2benvironment.org\/es\/wp-json\/wp\/v2\/pages\/660\/revisions\/818"}],"wp:attachment":[{"href":"https:\/\/s2benvironment.org\/es\/wp-json\/wp\/v2\/media?parent=660"}],"curies":[{"name":"wp","href":"https:\/\/api.w.org\/{rel}","templated":true}]}}