{"id":307,"date":"2024-12-12T21:36:41","date_gmt":"2024-12-12T21:36:41","guid":{"rendered":"https:\/\/s2benvironment.org\/?page_id=307"},"modified":"2025-04-29T14:38:01","modified_gmt":"2025-04-29T14:38:01","slug":"energy-transition","status":"publish","type":"page","link":"https:\/\/s2benvironment.org\/es\/energy-transition\/","title":{"rendered":"Transici\u00f3n energ\u00e9tica"},"content":{"rendered":"\t\t<div data-elementor-type=\"wp-page\" data-elementor-id=\"307\" class=\"elementor elementor-307\">\n\t\t\t\t<div class=\"elementor-element elementor-element-36430c1 e-grid e-con-full e-con e-parent\" data-id=\"36430c1\" data-element_type=\"container\" data-e-type=\"container\" data-settings=\"{&quot;background_background&quot;:&quot;slideshow&quot;,&quot;background_slideshow_gallery&quot;:[{&quot;id&quot;:911,&quot;url&quot;:&quot;https:\\\/\\\/s2benvironment.org\\\/wp-content\\\/uploads\\\/2025\\\/03\\\/Solar-and-Wind.webp&quot;},{&quot;id&quot;:907,&quot;url&quot;:&quot;https:\\\/\\\/s2benvironment.org\\\/wp-content\\\/uploads\\\/2025\\\/03\\\/solar-energy.webp&quot;},{&quot;id&quot;:198,&quot;url&quot;:&quot;https:\\\/\\\/s2benvironment.org\\\/wp-content\\\/uploads\\\/2024\\\/12\\\/sustainable-energy-renewable-wind-turbines-solar-scaled.jpg&quot;}],&quot;background_slideshow_loop&quot;:&quot;yes&quot;,&quot;background_slideshow_slide_duration&quot;:5000,&quot;background_slideshow_slide_transition&quot;:&quot;fade&quot;,&quot;background_slideshow_transition_duration&quot;:500}\">\n\t\t<div class=\"elementor-element elementor-element-9c5750d e-flex e-con-boxed e-con e-child\" data-id=\"9c5750d\" data-element_type=\"container\" data-e-type=\"container\">\n\t\t\t\t\t<div class=\"e-con-inner\">\n\t\t\t\t<div class=\"elementor-element elementor-element-729bf93 elementor-widget elementor-widget-text-editor\" data-id=\"729bf93\" data-element_type=\"widget\" data-e-type=\"widget\" data-widget_type=\"text-editor.default\">\n\t\t\t\t<div class=\"elementor-widget-container\">\n\t\t\t\t\t\t\t\t\t<h2>Energy Transition<\/h2><p>Energy transition is a key change in the way that we generate and consume energy in our societies, shifting from fossil sources to renewable energy sources, as well as improving the energy consumption through the implementation of energy efficiency measures. The last is of pivotal importance to move towards net-zero carbon emission societies and to help achieve the global greenhouse gas emissions concentration required to stay below 2\u00b0C or closer to 1.5 \u00b0C by 2100.<\/p><p>On the energy supply side, it is critical to speed up the investment rate to deploy renewable energies worldwide. Moreover, optimal investment in renewable energy technologies as well as in novel technologies is needed, if the aim is to achieve a total energy transition by 2050.<\/p><p>On the demand side, it is crucial to reduce\/optimise the use of energy. Therefore, it is imperative to boost energy efficiency worldwide, where governments and companies play a pivotal role on the implementation of EE measures.<\/p>\t\t\t\t\t\t\t\t<\/div>\n\t\t\t\t<\/div>\n\t\t\t\t<div class=\"elementor-element elementor-element-87dbe37 elementor-align-center elementor-widget elementor-widget-button\" data-id=\"87dbe37\" data-element_type=\"widget\" data-e-type=\"widget\" data-widget_type=\"button.default\">\n\t\t\t\t<div class=\"elementor-widget-container\">\n\t\t\t\t\t\t\t\t\t<div class=\"elementor-button-wrapper\">\n\t\t\t\t\t<a class=\"elementor-button elementor-button-link elementor-size-sm\" href=\"https:\/\/s2benvironment.org\/energy-transition\/\">\n\t\t\t\t\t\t<span class=\"elementor-button-content-wrapper\">\n\t\t\t\t\t\t\t\t\t<span class=\"elementor-button-text\">Projects<\/span>\n\t\t\t\t\t<\/span>\n\t\t\t\t\t<\/a>\n\t\t\t\t<\/div>\n\t\t\t\t\t\t\t\t<\/div>\n\t\t\t\t<\/div>\n\t\t\t\t<div class=\"elementor-element elementor-element-6e2d87a elementor-widget elementor-widget-text-editor\" data-id=\"6e2d87a\" data-element_type=\"widget\" data-e-type=\"widget\" data-widget_type=\"text-editor.default\">\n\t\t\t\t<div class=\"elementor-widget-container\">\n\t\t\t\t\t\t\t\t\t<p><b>Contact person:<\/b> Mauricio Zaballa Romero<\/p><p>at <a href=\"mailto:mzaballa@s2benvironment.org\">mzaballa@s2benvironment.org<\/a><\/p>\t\t\t\t\t\t\t\t<\/div>\n\t\t\t\t<\/div>\n\t\t\t\t\t<\/div>\n\t\t\t\t<\/div>\n\t\t<div class=\"elementor-element elementor-element-abf50f7 e-con-full elementor-hidden-tablet elementor-hidden-mobile e-flex e-con e-child\" data-id=\"abf50f7\" data-element_type=\"container\" data-e-type=\"container\" data-settings=\"{&quot;background_background&quot;:&quot;classic&quot;}\">\n\t\t\t\t<\/div>\n\t\t\t\t<\/div>\n\t\t<div class=\"elementor-element elementor-element-3c15aef e-flex e-con-boxed e-con e-parent\" data-id=\"3c15aef\" data-element_type=\"container\" data-e-type=\"container\">\n\t\t\t\t\t<div class=\"e-con-inner\">\n\t\t\t\t<div class=\"elementor-element elementor-element-5ff3fd7 meta-visibility-show title_position_default title_hover_border_default title-default img_hover_animation_default meta_position_default tpg-is-author-icon-show author-image-visibility-icon tpg-category-position-default readmore-btn-default-style grid-hover-overlay-type-always tpg-el-box-border-enable tpg-border-bottom-disable elementor-widget elementor-widget-tpg-list-layout\" data-id=\"5ff3fd7\" data-element_type=\"widget\" data-e-type=\"widget\" data-widget_type=\"tpg-list-layout.default\">\n\t\t\t\t<div class=\"elementor-widget-container\">\n\t\t\t\t\t\n        <div class=\"rt-container-fluid rt-tpg-container tpg-el-main-wrapper list-layout1-main \"\n             data-sc-id=\"elementor\"\n             id=\"rt-tpg-container-2899977177\"\n             data-layout=\"list-layout1\"\n             data-grid-style=\"tpg-even\"\n             data-el-settings=''\n             data-el-query=''\n             data-el-path=''\n        >\n\t\t\t            <div class='tpg-header-wrapper '>\n\t\t\t\t            <\/div>\n\n            <div data-title=\"Loading ...\" class=\"rt-row rt-content-loader list-layout1 tpg-even list-behaviour list-layout-wrapper\">\n\t\t\t\t\n<div class=\"rt-col-md-12 rt-col-sm-12 rt-col-xs-12 default rt-list-item rt-grid-item\" data-id=\"998\">\n\t<div class=\"rt-holder tpg-post-holder \">\n\t\t<div class=\"rt-detail rt-el-content-wrapper\">\n\t\t\t\t\t\t\t<div class=\"rt-img-holder tpg-el-image-wrap has-thumbnail\">\n\t\t\t\t\t<a data-id=\"998\" href=\"https:\/\/s2benvironment.org\/es\/strategy-for-energy-sector-policymakers-to-support-the-implementation-of-nationally-determined-contributions\/\" class=\"tpg-post-link\" target=\"_self\">                        <img fetchpriority=\"high\" decoding=\"async\" src=\"https:\/\/s2benvironment.org\/wp-content\/uploads\/2025\/03\/Picture-768x479.png\"\n                             class=\"rt-img-responsive\"\n                             width=\"768\"\n                             height=\"479\"\n                             alt=\"STRATEGY FOR ENERGY SECTOR POLICY MAKERS IN SUPPORT OF THE IMPLEMENTATION OF NATIONALLY DETERMINED CONTRIBUTIONS\">\n\t\t\t\t\t\t\n\t\t\t\t\t\t\t\n\t\t<\/a>\n\t\t        <div class=\"overlay grid-hover-content\"><\/div>\n\t\t\t\t\t\t<\/div>\n\t\t\t\n\t\t\t<div class=\"post-right-content\">\n\t\t\t\t<div class=\"entry-title-wrapper\"><h3 class=\"entry-title\"><a data-id=\"998\" href=\"https:\/\/s2benvironment.org\/es\/strategy-for-energy-sector-policymakers-to-support-the-implementation-of-nationally-determined-contributions\/\" class=\"tpg-post-link\" target=\"_self\">STRATEGY FOR ENERGY SECTOR POLICY MAKERS IN SUPPORT OF THE IMPLEMENTATION OF NATIONALLY DETERMINED CONTRIBUTIONS<\/a><\/h3><\/div>\n\t\t\t\t\t\t\t\t\t<div class=\"post-meta-tags rt-el-post-meta\">\n\t\t\t\t\t\t            <span class='author '>\n\n\t\t\t\t<i class='fa fa-user '><\/i><span class='author-prefix'>By<\/span><a href=\"https:\/\/s2benvironment.org\/es\/author\/admin\/\">admin<\/a>\t\t\t<\/span>\n\t\t\t            <span class='date'>\n\t\t\t\t<i class='far fa-calendar-alt '><\/i>\t\t\t\t                    <a href=\"https:\/\/s2benvironment.org\/es\/2025\/03\/17\/\">\n\t\t\t\t\tmarzo 17, 2025\t\t\t\t<\/a>\n\t\t\t\t\t\t\t<\/span>\n\t\t\t            <span class='categories-links'>\n\t\t\t\t<i class='fas fa-folder-open '><\/i><a class=\"energy-transition\" href=\"https:\/\/s2benvironment.org\/es\/category\/energy-transition\/\">Energy Transition<\/a><span class=\"rt-separator\">,<\/span><a class=\"net-zero\" href=\"https:\/\/s2benvironment.org\/es\/category\/net-zero\/\">Net Zero<\/a>\t\t\t<\/span>\n\t\t\t\t\t\t\t\t<\/div>\n\t\t\t\t\n\t\t\t\t\t\t\t\t\t<div class=\"tpg-excerpt tpg-el-excerpt\">\n\t\t\t\t\t\t\t\t\t\t\t\t\t<div class=\"tpg-excerpt-inner\">\n\t\t\t\t\t\t\t\tEstrategia Para Responsables de Pol\u00edticas Del Sector de Energ\u00eda Para La Implementaci\u00f3n de Las NDCs...\t\t\t\t\t\t\t<\/div>\n\t\t\t\t\t\t\t\t\t\t\t\t\t\t\t\t\t<\/div>\n\t\t\t\t\n\t\t\t\t        <div class=\"post-footer\">\n            <div class=\"post-footer\">\n                <div class=\"read-more\">\n\t\t\t\t\t<a data-id=\"998\" href=\"https:\/\/s2benvironment.org\/es\/strategy-for-energy-sector-policymakers-to-support-the-implementation-of-nationally-determined-contributions\/\" class=\"tpg-post-link\" target=\"_self\">Read More<\/a>                <\/div>\n            <\/div>\n        <\/div>\n\t\t\t\t\t<\/div>\n\t\t<\/div>\n\t<\/div>\n<\/div>\n            <\/div>\n\n\t\t\t\n        <\/div>\n\t\t\t\t\t\t<\/div>\n\t\t\t\t<\/div>\n\t\t\t\t\t<\/div>\n\t\t\t\t<\/div>\n\t\t\t\t<\/div>\n\t\t","protected":false},"excerpt":{"rendered":"<p>Energy Transition Energy transition is a key change in the way that we generate and consume energy in our societies, shifting from fossil sources to renewable energy sources, as well as improving the energy consumption through the implementation of energy efficiency measures. The last is of pivotal importance to move towards net-zero carbon emission societies [&hellip;]<\/p>\n","protected":false},"author":1,"featured_media":0,"parent":0,"menu_order":0,"comment_status":"closed","ping_status":"closed","template":"","meta":{"footnotes":""},"class_list":["post-307","page","type-page","status-publish","hentry"],"rttpg_featured_image_url":null,"rttpg_author":{"display_name":"admin","author_link":"https:\/\/s2benvironment.org\/es\/author\/admin\/"},"rttpg_comment":0,"rttpg_category":"","rttpg_excerpt":"Energy Transition Energy transition is a key change in the way that we generate and consume energy in our societies, shifting from fossil sources to renewable energy sources, as well as improving the energy consumption through the implementation of energy efficiency measures. The last is of pivotal importance to move towards net-zero carbon emission societies&hellip;","_links":{"self":[{"href":"https:\/\/s2benvironment.org\/es\/wp-json\/wp\/v2\/pages\/307","targetHints":{"allow":["GET"]}}],"collection":[{"href":"https:\/\/s2benvironment.org\/es\/wp-json\/wp\/v2\/pages"}],"about":[{"href":"https:\/\/s2benvironment.org\/es\/wp-json\/wp\/v2\/types\/page"}],"author":[{"embeddable":true,"href":"https:\/\/s2benvironment.org\/es\/wp-json\/wp\/v2\/users\/1"}],"replies":[{"embeddable":true,"href":"https:\/\/s2benvironment.org\/es\/wp-json\/wp\/v2\/comments?post=307"}],"version-history":[{"count":49,"href":"https:\/\/s2benvironment.org\/es\/wp-json\/wp\/v2\/pages\/307\/revisions"}],"predecessor-version":[{"id":1318,"href":"https:\/\/s2benvironment.org\/es\/wp-json\/wp\/v2\/pages\/307\/revisions\/1318"}],"wp:attachment":[{"href":"https:\/\/s2benvironment.org\/es\/wp-json\/wp\/v2\/media?parent=307"}],"curies":[{"name":"wp","href":"https:\/\/api.w.org\/{rel}","templated":true}]}}