{"id":298,"date":"2024-12-12T21:36:02","date_gmt":"2024-12-12T21:36:02","guid":{"rendered":"https:\/\/s2benvironment.org\/?page_id=298"},"modified":"2025-05-10T17:20:41","modified_gmt":"2025-05-10T17:20:41","slug":"net-zero-and-resilient-development","status":"publish","type":"page","link":"https:\/\/s2benvironment.org\/es\/net-zero-and-resilient-development\/","title":{"rendered":"Desarrollo con emisiones netas cero y resiliente al clima"},"content":{"rendered":"\t\t<div data-elementor-type=\"wp-page\" data-elementor-id=\"298\" class=\"elementor elementor-298\">\n\t\t\t\t<div class=\"elementor-element elementor-element-201444f e-flex e-con-boxed e-con e-parent\" data-id=\"201444f\" data-element_type=\"container\" data-e-type=\"container\" data-settings=\"{&quot;background_background&quot;:&quot;slideshow&quot;,&quot;background_slideshow_gallery&quot;:[{&quot;id&quot;:585,&quot;url&quot;:&quot;https:\\\/\\\/s2benvironment.org\\\/wp-content\\\/uploads\\\/2024\\\/12\\\/Llama-husbandry-2-MZaballa-scaled.webp&quot;},{&quot;id&quot;:586,&quot;url&quot;:&quot;https:\\\/\\\/s2benvironment.org\\\/wp-content\\\/uploads\\\/2024\\\/12\\\/Llama-husbandry-Bolivia_MZaballa-scaled.webp&quot;},{&quot;id&quot;:582,&quot;url&quot;:&quot;https:\\\/\\\/s2benvironment.org\\\/wp-content\\\/uploads\\\/2024\\\/12\\\/erodation-process_Agric.-soils_MZaballa-scaled.webp&quot;},{&quot;id&quot;:584,&quot;url&quot;:&quot;https:\\\/\\\/s2benvironment.org\\\/wp-content\\\/uploads\\\/2024\\\/12\\\/Highland-area-2-dryness-Potosi_MZaballa-scaled.webp&quot;},{&quot;id&quot;:581,&quot;url&quot;:&quot;https:\\\/\\\/s2benvironment.org\\\/wp-content\\\/uploads\\\/2024\\\/12\\\/Comunario-Potosi_MZaballa-scaled.webp&quot;},{&quot;id&quot;:580,&quot;url&quot;:&quot;https:\\\/\\\/s2benvironment.org\\\/wp-content\\\/uploads\\\/2024\\\/12\\\/Comunario-CC_MZaballa-scaled.webp&quot;},{&quot;id&quot;:588,&quot;url&quot;:&quot;https:\\\/\\\/s2benvironment.org\\\/wp-content\\\/uploads\\\/2024\\\/12\\\/Water-reservoir_husbandry_MZaballa-scaled.webp&quot;}],&quot;background_slideshow_lazyload&quot;:&quot;yes&quot;,&quot;background_slideshow_slide_duration&quot;:7000,&quot;background_slideshow_loop&quot;:&quot;yes&quot;,&quot;background_slideshow_slide_transition&quot;:&quot;fade&quot;,&quot;background_slideshow_transition_duration&quot;:500}\">\n\t\t\t\t\t<div class=\"e-con-inner\">\n\t\t<div class=\"elementor-element elementor-element-a307b5b e-con-full e-flex e-con e-child\" data-id=\"a307b5b\" data-element_type=\"container\" data-e-type=\"container\" data-settings=\"{&quot;background_background&quot;:&quot;classic&quot;}\">\n\t\t\t\t<div class=\"elementor-element elementor-element-00eefea elementor-widget elementor-widget-text-editor\" data-id=\"00eefea\" data-element_type=\"widget\" data-e-type=\"widget\" data-widget_type=\"text-editor.default\">\n\t\t\t\t<div class=\"elementor-widget-container\">\n\t\t\t\t\t\t\t\t\t<h2><span lang=\"ES-TRAD\">Net-zero GHG emissions and climate resilient development<\/span><\/h2>\t\t\t\t\t\t\t\t<\/div>\n\t\t\t\t<\/div>\n\t\t\t\t<div class=\"elementor-element elementor-element-82074fe elementor-widget elementor-widget-text-editor\" data-id=\"82074fe\" data-element_type=\"widget\" data-e-type=\"widget\" data-widget_type=\"text-editor.default\">\n\t\t\t\t<div class=\"elementor-widget-container\">\n\t\t\t\t\t\t\t\t\t<p>Climate change is modifying the current and future biophysical conditions, thus altering the current and foreseen development of human societies worldwide as well as threatening ecosystems and biodiversity. Therefore, it is necessary to properly integrate climate change into any every day-to-day human activity. However, to do so, it is necessary to carry out different types of climate change vulnerability, climate change adaptation and climate change mitigation assessments, that allow to identify the best actions to achieve net-zero and resilient societies. Moreover, it is imperative to enable and establish adequate enabling conditions in terms of governance, policy, technology and finance. At S2BE we offer a team with robust expertise in climate change worldwide at regional, national, municipal and local level.<\/p>\t\t\t\t\t\t\t\t<\/div>\n\t\t\t\t<\/div>\n\t\t\t\t<div class=\"elementor-element elementor-element-519848e elementor-widget elementor-widget-text-editor\" data-id=\"519848e\" data-element_type=\"widget\" data-e-type=\"widget\" data-widget_type=\"text-editor.default\">\n\t\t\t\t<div class=\"elementor-widget-container\">\n\t\t\t\t\t\t\t\t\t<p><b>Contact person:<\/b> Mauricio Zaballa Romero<\/p><p>at <a href=\"mailto:mzaballa@s2benvironment.org\">mzaballa@s2benvironment.org<\/a>\u00a0<\/p>\t\t\t\t\t\t\t\t<\/div>\n\t\t\t\t<\/div>\n\t\t\t\t<\/div>\n\t\t<div class=\"elementor-element elementor-element-48e8721 e-con-full elementor-hidden-tablet elementor-hidden-mobile e-flex e-con e-child\" data-id=\"48e8721\" data-element_type=\"container\" data-e-type=\"container\">\n\t\t\t\t<\/div>\n\t\t\t\t\t<\/div>\n\t\t\t\t<\/div>\n\t\t<div class=\"elementor-element elementor-element-e4b8232 e-con-full e-flex e-con e-parent\" data-id=\"e4b8232\" data-element_type=\"container\" data-e-type=\"container\">\n\t\t\t\t<div class=\"elementor-element elementor-element-4be7da6 meta-visibility-show title_position_default title_hover_border_default title-default img_hover_animation_default meta_position_default tpg-is-author-icon-show author-image-visibility-icon tpg-category-position-default readmore-btn-default-style grid-hover-overlay-type-always tpg-el-box-border-enable tpg-border-bottom-disable elementor-widget elementor-widget-tpg-list-layout\" data-id=\"4be7da6\" data-element_type=\"widget\" data-e-type=\"widget\" data-widget_type=\"tpg-list-layout.default\">\n\t\t\t\t<div class=\"elementor-widget-container\">\n\t\t\t\t\t\n        <div class=\"rt-container-fluid rt-tpg-container tpg-el-main-wrapper list-layout1-main \"\n             data-sc-id=\"elementor\"\n             id=\"rt-tpg-container-2829510973\"\n             data-layout=\"list-layout1\"\n             data-grid-style=\"tpg-even\"\n             data-el-settings=''\n             data-el-query=''\n             data-el-path=''\n        >\n\t\t\t            <div class='tpg-header-wrapper '>\n\t\t\t\t            <\/div>\n\n            <div data-title=\"Loading ...\" class=\"rt-row rt-content-loader list-layout1 tpg-even list-behaviour list-layout-wrapper\">\n\t\t\t\t\n<div class=\"rt-col-md-12 rt-col-sm-12 rt-col-xs-12 default rt-list-item rt-grid-item\" data-id=\"998\">\n\t<div class=\"rt-holder tpg-post-holder \">\n\t\t<div class=\"rt-detail rt-el-content-wrapper\">\n\t\t\t\t\t\t\t<div class=\"rt-img-holder tpg-el-image-wrap has-thumbnail\">\n\t\t\t\t\t<a data-id=\"998\" href=\"https:\/\/s2benvironment.org\/es\/strategy-for-energy-sector-policymakers-to-support-the-implementation-of-nationally-determined-contributions\/\" class=\"tpg-post-link\" target=\"_self\">                        <img fetchpriority=\"high\" decoding=\"async\" src=\"https:\/\/s2benvironment.org\/wp-content\/uploads\/2025\/03\/Picture-768x479.png\"\n                             class=\"rt-img-responsive\"\n                             width=\"768\"\n                             height=\"479\"\n                             alt=\"STRATEGY FOR ENERGY SECTOR POLICY MAKERS IN SUPPORT OF THE IMPLEMENTATION OF NATIONALLY DETERMINED CONTRIBUTIONS\">\n\t\t\t\t\t\t\n\t\t\t\t\t\t\t\n\t\t<\/a>\n\t\t        <div class=\"overlay grid-hover-content\"><\/div>\n\t\t\t\t\t\t<\/div>\n\t\t\t\n\t\t\t<div class=\"post-right-content\">\n\t\t\t\t<div class=\"entry-title-wrapper\"><h3 class=\"entry-title\"><a data-id=\"998\" href=\"https:\/\/s2benvironment.org\/es\/strategy-for-energy-sector-policymakers-to-support-the-implementation-of-nationally-determined-contributions\/\" class=\"tpg-post-link\" target=\"_self\">STRATEGY FOR ENERGY SECTOR POLICY MAKERS IN SUPPORT OF THE IMPLEMENTATION OF NATIONALLY DETERMINED CONTRIBUTIONS<\/a><\/h3><\/div>\n\t\t\t\t\t\t\t\t\t<div class=\"post-meta-tags rt-el-post-meta\">\n\t\t\t\t\t\t            <span class='author '>\n\n\t\t\t\t<i class='fa fa-user '><\/i><span class='author-prefix'>By<\/span><a href=\"https:\/\/s2benvironment.org\/es\/author\/admin\/\">admin<\/a>\t\t\t<\/span>\n\t\t\t            <span class='date'>\n\t\t\t\t<i class='far fa-calendar-alt '><\/i>\t\t\t\t                    <a href=\"https:\/\/s2benvironment.org\/es\/2025\/03\/17\/\">\n\t\t\t\t\tmarzo 17, 2025\t\t\t\t<\/a>\n\t\t\t\t\t\t\t<\/span>\n\t\t\t            <span class='categories-links'>\n\t\t\t\t<i class='fas fa-folder-open '><\/i><a class=\"energy-transition\" href=\"https:\/\/s2benvironment.org\/es\/category\/energy-transition\/\">Energy Transition<\/a><span class=\"rt-separator\">,<\/span><a class=\"net-zero\" href=\"https:\/\/s2benvironment.org\/es\/category\/net-zero\/\">Net Zero<\/a>\t\t\t<\/span>\n\t\t\t\t\t\t\t\t<\/div>\n\t\t\t\t\n\t\t\t\t\t\t\t\t\t<div class=\"tpg-excerpt tpg-el-excerpt\">\n\t\t\t\t\t\t\t\t\t\t\t\t\t<div class=\"tpg-excerpt-inner\">\n\t\t\t\t\t\t\t\tEstrategia Para Responsables de Pol\u00edticas Del Sector de Energ\u00eda Para La Implementaci\u00f3n de Las NDCs...\t\t\t\t\t\t\t<\/div>\n\t\t\t\t\t\t\t\t\t\t\t\t\t\t\t\t\t<\/div>\n\t\t\t\t\n\t\t\t\t        <div class=\"post-footer\">\n            <div class=\"post-footer\">\n                <div class=\"read-more\">\n\t\t\t\t\t<a data-id=\"998\" href=\"https:\/\/s2benvironment.org\/es\/strategy-for-energy-sector-policymakers-to-support-the-implementation-of-nationally-determined-contributions\/\" class=\"tpg-post-link\" target=\"_self\">Read More<\/a>                <\/div>\n            <\/div>\n        <\/div>\n\t\t\t\t\t<\/div>\n\t\t<\/div>\n\t<\/div>\n<\/div>\n\n<div class=\"rt-col-md-12 rt-col-sm-12 rt-col-xs-12 default rt-list-item rt-grid-item\" data-id=\"951\">\n\t<div class=\"rt-holder tpg-post-holder \">\n\t\t<div class=\"rt-detail rt-el-content-wrapper\">\n\t\t\t\t\t\t\t<div class=\"rt-img-holder tpg-el-image-wrap has-thumbnail\">\n\t\t\t\t\t<a data-id=\"951\" href=\"https:\/\/s2benvironment.org\/es\/marco-de-gobernanza-requerida-para-el-monitoreo-de-los-indicadores-climaticos-de-las-metas-de-las-cnd-de-bolivia-para-los-sectores-de-agua-energia-y-agropecuaria\/\" class=\"tpg-post-link\" target=\"_self\">                        <img decoding=\"async\" src=\"https:\/\/s2benvironment.org\/wp-content\/uploads\/2025\/03\/Screen_2.png\"\n                             class=\"rt-img-responsive\"\n                             width=\"768\"\n                             height=\"503\"\n                             alt=\"Governance Framework required for monitoring the climate indicators of Bolivia&#8217;s NDC targets for the Water, Energy and Agriculture sectors\">\n\t\t\t\t\t\t\n\t\t\t\t\t\t\t\n\t\t<\/a>\n\t\t        <div class=\"overlay grid-hover-content\"><\/div>\n\t\t\t\t\t\t<\/div>\n\t\t\t\n\t\t\t<div class=\"post-right-content\">\n\t\t\t\t<div class=\"entry-title-wrapper\"><h3 class=\"entry-title\"><a data-id=\"951\" href=\"https:\/\/s2benvironment.org\/es\/marco-de-gobernanza-requerida-para-el-monitoreo-de-los-indicadores-climaticos-de-las-metas-de-las-cnd-de-bolivia-para-los-sectores-de-agua-energia-y-agropecuaria\/\" class=\"tpg-post-link\" target=\"_self\">Governance Framework required for monitoring the climate indicators of Bolivia&#8217;s NDC targets for the Water, Energy and Agriculture sectors<\/a><\/h3><\/div>\n\t\t\t\t\t\t\t\t\t<div class=\"post-meta-tags rt-el-post-meta\">\n\t\t\t\t\t\t            <span class='author '>\n\n\t\t\t\t<i class='fa fa-user '><\/i><span class='author-prefix'>By<\/span><a href=\"https:\/\/s2benvironment.org\/es\/author\/admin\/\">admin<\/a>\t\t\t<\/span>\n\t\t\t            <span class='date'>\n\t\t\t\t<i class='far fa-calendar-alt '><\/i>\t\t\t\t                    <a href=\"https:\/\/s2benvironment.org\/es\/2025\/03\/07\/\">\n\t\t\t\t\tmarzo 7, 2025\t\t\t\t<\/a>\n\t\t\t\t\t\t\t<\/span>\n\t\t\t            <span class='categories-links'>\n\t\t\t\t<i class='fas fa-folder-open '><\/i><a class=\"net-zero\" href=\"https:\/\/s2benvironment.org\/es\/category\/net-zero\/\">Net Zero<\/a><span class=\"rt-separator\">,<\/span><a class=\"uncategorized\" href=\"https:\/\/s2benvironment.org\/es\/category\/uncategorized\/\">Uncategorized<\/a>\t\t\t<\/span>\n\t\t\t\t\t\t\t\t<\/div>\n\t\t\t\t\n\t\t\t\t\t\t\t\t\t<div class=\"tpg-excerpt tpg-el-excerpt\">\n\t\t\t\t\t\t\t\t\t\t\t\t\t<div class=\"tpg-excerpt-inner\">\n\t\t\t\t\t\t\t\tMARCO DE GOBERNANZA REQUERIDA PARA EL MONITOREO DE LOS INDICADORES CLIM\u00c1TICOS DE LAS METAS DE LAS...\t\t\t\t\t\t\t<\/div>\n\t\t\t\t\t\t\t\t\t\t\t\t\t\t\t\t\t<\/div>\n\t\t\t\t\n\t\t\t\t        <div class=\"post-footer\">\n            <div class=\"post-footer\">\n                <div class=\"read-more\">\n\t\t\t\t\t<a data-id=\"951\" href=\"https:\/\/s2benvironment.org\/es\/marco-de-gobernanza-requerida-para-el-monitoreo-de-los-indicadores-climaticos-de-las-metas-de-las-cnd-de-bolivia-para-los-sectores-de-agua-energia-y-agropecuaria\/\" class=\"tpg-post-link\" target=\"_self\">Read More<\/a>                <\/div>\n            <\/div>\n        <\/div>\n\t\t\t\t\t<\/div>\n\t\t<\/div>\n\t<\/div>\n<\/div>\n\n<div class=\"rt-col-md-12 rt-col-sm-12 rt-col-xs-12 default rt-list-item rt-grid-item\" data-id=\"946\">\n\t<div class=\"rt-holder tpg-post-holder \">\n\t\t<div class=\"rt-detail rt-el-content-wrapper\">\n\t\t\t\t\t\t\t<div class=\"rt-img-holder tpg-el-image-wrap has-thumbnail\">\n\t\t\t\t\t<a data-id=\"946\" href=\"https:\/\/s2benvironment.org\/es\/manual-orientativo-para-el-monitoreo-y-reporte-de-los-indicadores-climaticos-de-las-metas-de-la-ndc-actualizada-de-bolivia-de-los-sectores-energia-agua-y-agropecuario-bajo-el-marco-de-transparencia\/\" class=\"tpg-post-link\" target=\"_self\">                        <img decoding=\"async\" src=\"https:\/\/s2benvironment.org\/wp-content\/uploads\/2025\/03\/screen.webp\"\n                             class=\"rt-img-responsive\"\n                             width=\"768\"\n                             height=\"481\"\n                             alt=\"Guidance Manual for the monitoring and reporting of climate indicators for Bolivia&#8217;s targets set out in the update NDC for the energy, water and agriculture sectors, within the framework of the Enhanced Transparency Framework\">\n\t\t\t\t\t\t\n\t\t\t\t\t\t\t\n\t\t<\/a>\n\t\t        <div class=\"overlay grid-hover-content\"><\/div>\n\t\t\t\t\t\t<\/div>\n\t\t\t\n\t\t\t<div class=\"post-right-content\">\n\t\t\t\t<div class=\"entry-title-wrapper\"><h3 class=\"entry-title\"><a data-id=\"946\" href=\"https:\/\/s2benvironment.org\/es\/manual-orientativo-para-el-monitoreo-y-reporte-de-los-indicadores-climaticos-de-las-metas-de-la-ndc-actualizada-de-bolivia-de-los-sectores-energia-agua-y-agropecuario-bajo-el-marco-de-transparencia\/\" class=\"tpg-post-link\" target=\"_self\">Guidance Manual for the monitoring and reporting of climate indicators for Bolivia&#8217;s targets set out in the update NDC for the energy, water and agriculture sectors, within the framework of the Enhanced Transparency Framework<\/a><\/h3><\/div>\n\t\t\t\t\t\t\t\t\t<div class=\"post-meta-tags rt-el-post-meta\">\n\t\t\t\t\t\t            <span class='author '>\n\n\t\t\t\t<i class='fa fa-user '><\/i><span class='author-prefix'>By<\/span><a href=\"https:\/\/s2benvironment.org\/es\/author\/admin\/\">admin<\/a>\t\t\t<\/span>\n\t\t\t            <span class='date'>\n\t\t\t\t<i class='far fa-calendar-alt '><\/i>\t\t\t\t                    <a href=\"https:\/\/s2benvironment.org\/es\/2025\/03\/07\/\">\n\t\t\t\t\tmarzo 7, 2025\t\t\t\t<\/a>\n\t\t\t\t\t\t\t<\/span>\n\t\t\t            <span class='categories-links'>\n\t\t\t\t<i class='fas fa-folder-open '><\/i><a class=\"net-zero\" href=\"https:\/\/s2benvironment.org\/es\/category\/net-zero\/\">Net Zero<\/a>\t\t\t<\/span>\n\t\t\t\t\t\t\t\t<\/div>\n\t\t\t\t\n\t\t\t\t\t\t\t\t\t<div class=\"tpg-excerpt tpg-el-excerpt\">\n\t\t\t\t\t\t\t\t\t\t\t\t\t<div class=\"tpg-excerpt-inner\">\n\t\t\t\t\t\t\t\tMANUAL ORIENTATIVO PARA EL MONITOREO Y REPORTE DE LOS INDICADORES CLIM\u00c1TICOS DE LAS METAS DE LA NDC...\t\t\t\t\t\t\t<\/div>\n\t\t\t\t\t\t\t\t\t\t\t\t\t\t\t\t\t<\/div>\n\t\t\t\t\n\t\t\t\t        <div class=\"post-footer\">\n            <div class=\"post-footer\">\n                <div class=\"read-more\">\n\t\t\t\t\t<a data-id=\"946\" href=\"https:\/\/s2benvironment.org\/es\/manual-orientativo-para-el-monitoreo-y-reporte-de-los-indicadores-climaticos-de-las-metas-de-la-ndc-actualizada-de-bolivia-de-los-sectores-energia-agua-y-agropecuario-bajo-el-marco-de-transparencia\/\" class=\"tpg-post-link\" target=\"_self\">Read More<\/a>                <\/div>\n            <\/div>\n        <\/div>\n\t\t\t\t\t<\/div>\n\t\t<\/div>\n\t<\/div>\n<\/div>\n            <\/div>\n\n\t\t\t\n        <\/div>\n\t\t\t\t\t\t<\/div>\n\t\t\t\t<\/div>\n\t\t\t\t<\/div>\n\t\t\t\t<\/div>\n\t\t","protected":false},"excerpt":{"rendered":"<p>Net-zero GHG emissions and climate resilient development Climate change is modifying the current and future biophysical conditions, thus altering the current and foreseen development of human societies worldwide as well as threatening ecosystems and biodiversity. Therefore, it is necessary to properly integrate climate change into any every day-to-day human activity. However, to do so, it [&hellip;]<\/p>\n","protected":false},"author":1,"featured_media":0,"parent":0,"menu_order":0,"comment_status":"closed","ping_status":"closed","template":"","meta":{"footnotes":""},"class_list":["post-298","page","type-page","status-publish","hentry"],"rttpg_featured_image_url":null,"rttpg_author":{"display_name":"admin","author_link":"https:\/\/s2benvironment.org\/es\/author\/admin\/"},"rttpg_comment":0,"rttpg_category":"","rttpg_excerpt":"Net-zero GHG emissions and climate resilient development Climate change is modifying the current and future biophysical conditions, thus altering the current and foreseen development of human societies worldwide as well as threatening ecosystems and biodiversity. Therefore, it is necessary to properly integrate climate change into any every day-to-day human activity. However, to do so, it&hellip;","_links":{"self":[{"href":"https:\/\/s2benvironment.org\/es\/wp-json\/wp\/v2\/pages\/298","targetHints":{"allow":["GET"]}}],"collection":[{"href":"https:\/\/s2benvironment.org\/es\/wp-json\/wp\/v2\/pages"}],"about":[{"href":"https:\/\/s2benvironment.org\/es\/wp-json\/wp\/v2\/types\/page"}],"author":[{"embeddable":true,"href":"https:\/\/s2benvironment.org\/es\/wp-json\/wp\/v2\/users\/1"}],"replies":[{"embeddable":true,"href":"https:\/\/s2benvironment.org\/es\/wp-json\/wp\/v2\/comments?post=298"}],"version-history":[{"count":44,"href":"https:\/\/s2benvironment.org\/es\/wp-json\/wp\/v2\/pages\/298\/revisions"}],"predecessor-version":[{"id":1383,"href":"https:\/\/s2benvironment.org\/es\/wp-json\/wp\/v2\/pages\/298\/revisions\/1383"}],"wp:attachment":[{"href":"https:\/\/s2benvironment.org\/es\/wp-json\/wp\/v2\/media?parent=298"}],"curies":[{"name":"wp","href":"https:\/\/api.w.org\/{rel}","templated":true}]}}