{"id":111,"date":"2024-12-03T00:36:27","date_gmt":"2024-12-03T00:36:27","guid":{"rendered":"https:\/\/s2benvironment.org\/?page_id=111"},"modified":"2025-05-06T07:34:01","modified_gmt":"2025-05-06T07:34:01","slug":"our-collaborators","status":"publish","type":"page","link":"https:\/\/s2benvironment.org\/es\/our-collaborators\/","title":{"rendered":"Nuestros colaboradores"},"content":{"rendered":"<div data-elementor-type=\"wp-page\" data-elementor-id=\"111\" class=\"elementor elementor-111\">\n\t\t\t\t<div class=\"elementor-element elementor-element-5d21b70 e-grid e-con-boxed e-con e-parent\" data-id=\"5d21b70\" data-element_type=\"container\" data-e-type=\"container\">\n\t\t\t\t\t<div class=\"e-con-inner\">\n\t\t\t\t<div class=\"elementor-element elementor-element-2649c77 elementor-widget elementor-widget-image\" data-id=\"2649c77\" data-element_type=\"widget\" data-e-type=\"widget\" data-widget_type=\"image.default\">\n\t\t\t\t<div class=\"elementor-widget-container\">\n\t\t\t\t\t\t\t\t\t\t\t\t\t\t\t<img fetchpriority=\"high\" decoding=\"async\" width=\"558\" height=\"631\" src=\"https:\/\/s2benvironment.org\/wp-content\/uploads\/2024\/12\/Captura-de-pantalla_2024-12-02_21-55-08.png\" class=\"attachment-large size-large wp-image-164\" alt=\"\" srcset=\"https:\/\/s2benvironment.org\/wp-content\/uploads\/2024\/12\/Captura-de-pantalla_2024-12-02_21-55-08.png 558w, https:\/\/s2benvironment.org\/wp-content\/uploads\/2024\/12\/Captura-de-pantalla_2024-12-02_21-55-08-265x300.png 265w\" sizes=\"(max-width: 558px) 100vw, 558px\" \/>\t\t\t\t\t\t\t\t\t\t\t\t\t\t\t<\/div>\n\t\t\t\t<\/div>\n\t\t\t\t<div class=\"elementor-element elementor-element-22ad0df elementor-widget elementor-widget-text-editor\" data-id=\"22ad0df\" data-element_type=\"widget\" data-e-type=\"widget\" data-widget_type=\"text-editor.default\">\n\t\t\t\t<div class=\"elementor-widget-container\">\n\t\t\t\t\t\t\t\t\t<h2>Begonia Gutierrez, M.Sc.<strong><br \/><\/strong><\/h2><p><span lang=\"es-419\">Begonia es una apasionada profesional de la sostenibilidad con experiencia trabajando hacia una econom\u00eda descarbonizada y liderando iniciativas de sostenibilidad. <\/span>Cuenta con un historial comprobado  en el desarrollo de estrategias, gesti\u00f3n de proyectos y un enfoque altamente colaborativo. Cuenta con una amplia experiencia laboral en el sector privado y en el Programa de las Naciones Unidas para el Medio Ambiente en Copenhague, posee un s\u00f3lido conocimiento de la econom\u00eda circular, la transici\u00f3n energ\u00e9tica y el avance de la agenda de sostenibilidad.\u00a0<\/p>\t\t\t\t\t\t\t\t<\/div>\n\t\t\t\t<\/div>\n\t\t\t\t<div class=\"elementor-element elementor-element-b6605fe elementor-widget elementor-widget-image\" data-id=\"b6605fe\" data-element_type=\"widget\" data-e-type=\"widget\" data-widget_type=\"image.default\">\n\t\t\t\t<div class=\"elementor-widget-container\">\n\t\t\t\t\t\t\t\t\t\t\t\t\t\t\t<img decoding=\"async\" width=\"800\" height=\"800\" src=\"https:\/\/s2benvironment.org\/wp-content\/uploads\/2024\/12\/Mehaffy-Head-Shot-for-JR-1024x1024.jpg\" class=\"attachment-large size-large wp-image-162\" alt=\"\" srcset=\"https:\/\/s2benvironment.org\/wp-content\/uploads\/2024\/12\/Mehaffy-Head-Shot-for-JR-1024x1024.jpg 1024w, https:\/\/s2benvironment.org\/wp-content\/uploads\/2024\/12\/Mehaffy-Head-Shot-for-JR-300x300.jpg 300w, https:\/\/s2benvironment.org\/wp-content\/uploads\/2024\/12\/Mehaffy-Head-Shot-for-JR-150x150.jpg 150w, https:\/\/s2benvironment.org\/wp-content\/uploads\/2024\/12\/Mehaffy-Head-Shot-for-JR-768x768.jpg 768w, https:\/\/s2benvironment.org\/wp-content\/uploads\/2024\/12\/Mehaffy-Head-Shot-for-JR.jpg 1098w\" sizes=\"(max-width: 800px) 100vw, 800px\" \/>\t\t\t\t\t\t\t\t\t\t\t\t\t\t\t<\/div>\n\t\t\t\t<\/div>\n\t\t\t\t<div class=\"elementor-element elementor-element-4c66649 elementor-widget elementor-widget-text-editor\" data-id=\"4c66649\" data-element_type=\"widget\" data-e-type=\"widget\" data-widget_type=\"text-editor.default\">\n\t\t\t\t<div class=\"elementor-widget-container\">\n\t\t\t\t\t\t\t\t\t<h2>Michael W Mehaffy, Ph.D<\/h2><p>Michael es investigador, educador, autor y consultor en desarrollo urbano con una pr\u00e1ctica internacional. Ha ocupado nombramientos de ense\u00f1anza y\/o investigaci\u00f3n en arquitectura, planificaci\u00f3n urbana y filosof\u00eda en nueve instituciones de posgrado en ocho pa\u00edses, y forma parte de los consejos editoriales de tres revistas internacionales de dise\u00f1o urbano. Tambi\u00e9n es Director Ejecutivo de dos ONG con sede en Estados Unidos, las conferencias International Making Cities Livable (IMCL) y la Fundaci\u00f3n Sustasis. Obtuvo un doctorado en arquitectura de la Universidad Tecnol\u00f3gica de Delft. Su enfoque de investigaci\u00f3n incluye la forma urbana y las emisiones de gases de efecto invernadero, el espacio p\u00fablico y la Nueva Agenda Urbana.<\/p>\t\t\t\t\t\t\t\t<\/div>\n\t\t\t\t<\/div>\n\t\t\t\t<div class=\"elementor-element elementor-element-d48ec80 elementor-widget elementor-widget-image\" data-id=\"d48ec80\" data-element_type=\"widget\" data-e-type=\"widget\" data-widget_type=\"image.default\">\n\t\t\t\t<div class=\"elementor-widget-container\">\n\t\t\t\t\t\t\t\t\t\t\t\t\t\t\t<img decoding=\"async\" width=\"800\" height=\"983\" src=\"https:\/\/s2benvironment.org\/wp-content\/uploads\/2024\/12\/Oscar-Paz-Rada_photo_S2BE-833x1024.jpg\" class=\"attachment-large size-large wp-image-160\" alt=\"\" srcset=\"https:\/\/s2benvironment.org\/wp-content\/uploads\/2024\/12\/Oscar-Paz-Rada_photo_S2BE-833x1024.jpg 833w, https:\/\/s2benvironment.org\/wp-content\/uploads\/2024\/12\/Oscar-Paz-Rada_photo_S2BE-244x300.jpg 244w, https:\/\/s2benvironment.org\/wp-content\/uploads\/2024\/12\/Oscar-Paz-Rada_photo_S2BE-768x944.jpg 768w, https:\/\/s2benvironment.org\/wp-content\/uploads\/2024\/12\/Oscar-Paz-Rada_photo_S2BE-1250x1536.jpg 1250w, https:\/\/s2benvironment.org\/wp-content\/uploads\/2024\/12\/Oscar-Paz-Rada_photo_S2BE-1667x2048.jpg 1667w\" sizes=\"(max-width: 800px) 100vw, 800px\" \/>\t\t\t\t\t\t\t\t\t\t\t\t\t\t\t<\/div>\n\t\t\t\t<\/div>\n\t\t\t\t<div class=\"elementor-element elementor-element-525f461 elementor-widget elementor-widget-text-editor\" data-id=\"525f461\" data-element_type=\"widget\" data-e-type=\"widget\" data-widget_type=\"text-editor.default\">\n\t\t\t\t<div class=\"elementor-widget-container\">\n\t\t\t\t\t\t\t\t\t<h2>Oscar Paz Rada M.Sc.<\/h2><p>Oscar es un profesional de la ingenier\u00eda profundamente comprometido con la cuesti\u00f3n del cambio clim\u00e1tico. Sus contribuciones como profesor universitario e investigador muestran su dedicaci\u00f3n a la formulaci\u00f3n de pol\u00edticas sostenibles a trav\u00e9s de sus investigaciones y publicaciones sobre la adaptaci\u00f3n al cambio clim\u00e1tico y la reducci\u00f3n del riesgo de desastres. Oscar ha dedicado muchos a\u00f1os a trabajar en la implementaci\u00f3n de acciones clim\u00e1ticas junto a la Cooperaci\u00f3n Suiza en Bolivia. Como consultor y profesor, busca acciones hacia la consolidaci\u00f3n del paradigma de un futuro m\u00e1s resiliente, particularmente para las comunidades m\u00e1s vulnerables.\u00a0<\/p>\t\t\t\t\t\t\t\t<\/div>\n\t\t\t\t<\/div>\n\t\t\t\t<div class=\"elementor-element elementor-element-a8ebe11 elementor-widget elementor-widget-image\" data-id=\"a8ebe11\" data-element_type=\"widget\" data-e-type=\"widget\" data-widget_type=\"image.default\">\n\t\t\t\t<div class=\"elementor-widget-container\">\n\t\t\t\t\t\t\t\t\t\t\t\t\t\t\t<img loading=\"lazy\" decoding=\"async\" width=\"640\" height=\"640\" src=\"https:\/\/s2benvironment.org\/wp-content\/uploads\/2024\/12\/Monica-Castro_profile-pic.jpg\" class=\"attachment-large size-large wp-image-161\" alt=\"\" srcset=\"https:\/\/s2benvironment.org\/wp-content\/uploads\/2024\/12\/Monica-Castro_profile-pic.jpg 640w, https:\/\/s2benvironment.org\/wp-content\/uploads\/2024\/12\/Monica-Castro_profile-pic-300x300.jpg 300w, https:\/\/s2benvironment.org\/wp-content\/uploads\/2024\/12\/Monica-Castro_profile-pic-150x150.jpg 150w\" sizes=\"(max-width: 640px) 100vw, 640px\" \/>\t\t\t\t\t\t\t\t\t\t\t\t\t\t\t<\/div>\n\t\t\t\t<\/div>\n\t\t\t\t<div class=\"elementor-element elementor-element-97ee2fe elementor-widget elementor-widget-text-editor\" data-id=\"97ee2fe\" data-element_type=\"widget\" data-e-type=\"widget\" data-widget_type=\"text-editor.default\">\n\t\t\t\t<div class=\"elementor-widget-container\">\n\t\t\t\t\t\t\t\t\t<h2>M\u00f3nica Castro Delgadillo M.Sc.<b><br \/><\/b><\/h2><p>M\u00f3nica es economista y especialista socio ambiental con m\u00e1s de 15 a\u00f1os de experiencia en evaluaci\u00f3n de impactos de actividades socioecon\u00f3micas sobre el medio ambiente y los recursos naturales. Adem\u00e1s, ha trabajado en la valorizaci\u00f3n econ\u00f3mica de los servicios ecosist\u00e9micos y el dise\u00f1o de mecanismos financieros para el sistema nacional de \u00e1reas protegidas de Bolivia. Tambi\u00e9n ha trabajado muchos a\u00f1os como Especialista Socioambiental Senior para el Banco Interamericano de Desarrollo (BID) en diferentes pa\u00edses de la regi\u00f3n andina. M\u00f3nica tiene un historial de trabajo con diferentes instituciones internacionales y bolivianas en evaluaciones de riesgos ambientales y socioecon\u00f3micos sobre energ\u00eda, cambio clim\u00e1tico, sector forestal, biodiversidad, agricultura y miner\u00eda en pa\u00edses latinoamericanos.<\/p>\t\t\t\t\t\t\t\t<\/div>\n\t\t\t\t<\/div>\n\t\t\t\t\t<\/div>\n\t\t\t\t<\/div>\n\t\t\t\t<\/div>","protected":false},"excerpt":{"rendered":"<p>Begonia Gutierrez, M.Sc. Begonia is a passionate sustainability professional with experience working toward a decarbonised economy and leading sustainability initiatives. She has a proven track record in strategy development, project management, and a highly collaborative approach. With extensive work experience in the private sector and the United Nations Environmental Program in Copenhagen, she possesses strong [&hellip;]<\/p>\n","protected":false},"author":1,"featured_media":0,"parent":0,"menu_order":0,"comment_status":"open","ping_status":"closed","template":"","meta":{"footnotes":""},"class_list":["post-111","page","type-page","status-publish","hentry"],"rttpg_featured_image_url":null,"rttpg_author":{"display_name":"admin","author_link":"https:\/\/s2benvironment.org\/es\/author\/admin\/"},"rttpg_comment":9,"rttpg_category":null,"rttpg_excerpt":"Begonia Gutierrez, M.Sc. Begonia is a passionate sustainability professional with experience working toward a decarbonised economy and leading sustainability initiatives. She has a proven track record in strategy development, project management, and a highly collaborative approach. With extensive work experience in the private sector and the United Nations Environmental Program in Copenhagen, she possesses strong&hellip;","_links":{"self":[{"href":"https:\/\/s2benvironment.org\/es\/wp-json\/wp\/v2\/pages\/111","targetHints":{"allow":["GET"]}}],"collection":[{"href":"https:\/\/s2benvironment.org\/es\/wp-json\/wp\/v2\/pages"}],"about":[{"href":"https:\/\/s2benvironment.org\/es\/wp-json\/wp\/v2\/types\/page"}],"author":[{"embeddable":true,"href":"https:\/\/s2benvironment.org\/es\/wp-json\/wp\/v2\/users\/1"}],"replies":[{"embeddable":true,"href":"https:\/\/s2benvironment.org\/es\/wp-json\/wp\/v2\/comments?post=111"}],"version-history":[{"count":101,"href":"https:\/\/s2benvironment.org\/es\/wp-json\/wp\/v2\/pages\/111\/revisions"}],"predecessor-version":[{"id":1358,"href":"https:\/\/s2benvironment.org\/es\/wp-json\/wp\/v2\/pages\/111\/revisions\/1358"}],"wp:attachment":[{"href":"https:\/\/s2benvironment.org\/es\/wp-json\/wp\/v2\/media?parent=111"}],"curies":[{"name":"wp","href":"https:\/\/api.w.org\/{rel}","templated":true}]}}