{"id":108,"date":"2024-12-03T00:36:09","date_gmt":"2024-12-03T00:36:09","guid":{"rendered":"https:\/\/s2benvironment.org\/?page_id=108"},"modified":"2025-09-30T10:04:43","modified_gmt":"2025-09-30T10:04:43","slug":"members","status":"publish","type":"page","link":"https:\/\/s2benvironment.org\/es\/members\/","title":{"rendered":"Miembros"},"content":{"rendered":"<div data-elementor-type=\"wp-page\" data-elementor-id=\"108\" class=\"elementor elementor-108\">\n\t\t\t\t<div class=\"elementor-element elementor-element-42185ad e-grid e-con-boxed e-con e-parent\" data-id=\"42185ad\" data-element_type=\"container\" data-e-type=\"container\">\n\t\t\t\t\t<div class=\"e-con-inner\">\n\t\t\t\t<div class=\"elementor-element elementor-element-a3e9076 elementor-widget elementor-widget-image\" data-id=\"a3e9076\" data-element_type=\"widget\" data-e-type=\"widget\" data-widget_type=\"image.default\">\n\t\t\t\t<div class=\"elementor-widget-container\">\n\t\t\t\t\t\t\t\t\t\t\t\t\t\t\t<img fetchpriority=\"high\" decoding=\"async\" width=\"300\" height=\"300\" src=\"https:\/\/s2benvironment.org\/wp-content\/uploads\/2024\/12\/Jorge-Rogat_Profile.jpg\" class=\"attachment-large size-large wp-image-147\" alt=\"\" srcset=\"https:\/\/s2benvironment.org\/wp-content\/uploads\/2024\/12\/Jorge-Rogat_Profile.jpg 300w, https:\/\/s2benvironment.org\/wp-content\/uploads\/2024\/12\/Jorge-Rogat_Profile-150x150.jpg 150w\" sizes=\"(max-width: 300px) 100vw, 300px\" \/>\t\t\t\t\t\t\t\t\t\t\t\t\t\t\t<\/div>\n\t\t\t\t<\/div>\n\t\t\t\t<div class=\"elementor-element elementor-element-b697d5e elementor-widget elementor-widget-text-editor\" data-id=\"b697d5e\" data-element_type=\"widget\" data-e-type=\"widget\" data-widget_type=\"text-editor.default\">\n\t\t\t\t<div class=\"elementor-widget-container\">\n\t\t\t\t\t\t\t\t\t<h2>Jorge Rogat, Ph.D.<\/h2><h3><span lang=\"EN-US\"> Miembro de la Junta Directiva \u2013 Director Ejecutivo <\/span><\/h3><p>Jorge es un profesional dedicado a la sostenibilidad con una amplia experiencia en los \u00e1mbitos del transporte sostenible, la evaluaci\u00f3n y transferencia de tecnolog\u00edas. Entre 2010 y 2017, fue gerente global del proyecto de Evaluaci\u00f3n de Necesidades Tecnol\u00f3gicas (ENT) implementado en aproximadamente 60 pa\u00edses de \u00c1frica y Oriente Medio, Asia y Am\u00e9rica Latina y el Caribe. Entre 2000 y 2010 fue responsable del programa de transporte sostenible en el Centro PNUMA Risoe de Dinamarca. Durante los \u00faltimos a\u00f1os trabaj\u00f3 en el Centro de Cambio Clim\u00e1tico del PNUMA en Copenhague (PNUMA-CCC), principalmente en la implementaci\u00f3n de proyectos de eficiencia energ\u00e9tica en Am\u00e9rica Latina. Jorge ha publicado varios art\u00edculos y editado algunos libros y gu\u00edas sobre eficiencia energ\u00e9tica, evaluaci\u00f3n de tecnolog\u00edas y transporte sostenible.<\/p>\t\t\t\t\t\t\t\t<\/div>\n\t\t\t\t<\/div>\n\t\t\t\t<div class=\"elementor-element elementor-element-753a532 elementor-widget elementor-widget-image\" data-id=\"753a532\" data-element_type=\"widget\" data-e-type=\"widget\" data-widget_type=\"image.default\">\n\t\t\t\t<div class=\"elementor-widget-container\">\n\t\t\t\t\t\t\t\t\t\t\t\t\t\t\t<img decoding=\"async\" width=\"602\" height=\"602\" src=\"https:\/\/s2benvironment.org\/wp-content\/uploads\/2024\/12\/Photo-MZaballa-2024.jpg\" class=\"attachment-large size-large wp-image-146\" alt=\"\" srcset=\"https:\/\/s2benvironment.org\/wp-content\/uploads\/2024\/12\/Photo-MZaballa-2024.jpg 602w, https:\/\/s2benvironment.org\/wp-content\/uploads\/2024\/12\/Photo-MZaballa-2024-300x300.jpg 300w, https:\/\/s2benvironment.org\/wp-content\/uploads\/2024\/12\/Photo-MZaballa-2024-150x150.jpg 150w\" sizes=\"(max-width: 602px) 100vw, 602px\" \/>\t\t\t\t\t\t\t\t\t\t\t\t\t\t\t<\/div>\n\t\t\t\t<\/div>\n\t\t\t\t<div class=\"elementor-element elementor-element-af9c307 elementor-widget elementor-widget-text-editor\" data-id=\"af9c307\" data-element_type=\"widget\" data-e-type=\"widget\" data-widget_type=\"text-editor.default\">\n\t\t\t\t<div class=\"elementor-widget-container\">\n\t\t\t\t\t\t\t\t\t<h2>Mauricio Zaballa Romero,<span lang=\"es-419\"> Ph.D.<\/span><\/h2><h3><span lang=\"EN-US\">Miembro de la Junta Directiva \u2013 Subdirector  Ejecutivo<\/span><\/h3><p>Mauricio tiene un reconocido historial en cambio clim\u00e1tico y desarrollo sostenible en Am\u00e9rica Latina, Asia Central y Europa del Este. Su experiencia abarca desde la formulaci\u00f3n de pol\u00edticas de cambio clim\u00e1tico y estrategias de desarrollo bajo en carbono, inventarios de emisiones de GEI, NAMAs, evaluaci\u00f3n de portafolios de mitigaci\u00f3n para el financiamiento clim\u00e1tico, mercados de carbono y esquemas de comercio de emisiones, transferencia de tecnolog\u00eda, propuestas para REDD+, hasta la formulaci\u00f3n e implementaci\u00f3n de NDCs. Mauricio desempe\u00f1\u00f3 adem\u00e1s un papel clave en la formulaci\u00f3n de sistemas MRV para emisiones de GEI, y sistemas de monitoreo y reporte de informes para los Informes Bienales de Transparencia bajo el Marco de Transparencia Mejorada. Asimismo, ha formulado tambi\u00e9n propuestas financieras y redactado propuestas de proyectos sobre cambio clim\u00e1tico para su presentaci\u00f3n al Fondo Verde para el Clima (GCF), el FMAM, el NAMA Mechanism y el Fondo de Adaptaci\u00f3n.\u00a0<\/p>\t\t\t\t\t\t\t\t<\/div>\n\t\t\t\t<\/div>\n\t\t\t\t<div class=\"elementor-element elementor-element-a88cd42 elementor-widget elementor-widget-image\" data-id=\"a88cd42\" data-element_type=\"widget\" data-e-type=\"widget\" data-widget_type=\"image.default\">\n\t\t\t\t<div class=\"elementor-widget-container\">\n\t\t\t\t\t\t\t\t\t\t\t\t\t\t\t<img decoding=\"async\" width=\"800\" height=\"800\" src=\"https:\/\/s2benvironment.org\/wp-content\/uploads\/2024\/12\/Klas-1024x1024.webp\" class=\"attachment-large size-large wp-image-512\" alt=\"\" srcset=\"https:\/\/s2benvironment.org\/wp-content\/uploads\/2024\/12\/Klas-1024x1024.webp 1024w, https:\/\/s2benvironment.org\/wp-content\/uploads\/2024\/12\/Klas-300x300.webp 300w, https:\/\/s2benvironment.org\/wp-content\/uploads\/2024\/12\/Klas-150x150.webp 150w, https:\/\/s2benvironment.org\/wp-content\/uploads\/2024\/12\/Klas-768x768.webp 768w, https:\/\/s2benvironment.org\/wp-content\/uploads\/2024\/12\/Klas-1536x1536.webp 1536w, https:\/\/s2benvironment.org\/wp-content\/uploads\/2024\/12\/Klas-2048x2048.webp 2048w, https:\/\/s2benvironment.org\/wp-content\/uploads\/2024\/12\/Klas-12x12.webp 12w\" sizes=\"(max-width: 800px) 100vw, 800px\" \/>\t\t\t\t\t\t\t\t\t\t\t\t\t\t\t<\/div>\n\t\t\t\t<\/div>\n\t\t\t\t<div class=\"elementor-element elementor-element-6d4c718 elementor-widget elementor-widget-text-editor\" data-id=\"6d4c718\" data-element_type=\"widget\" data-e-type=\"widget\" data-widget_type=\"text-editor.default\">\n\t\t\t\t<div class=\"elementor-widget-container\">\n\t\t\t\t\t\t\t\t\t<h2>Klas Sandstr\u00f6m, Ph.D.<\/h2><h3><span lang=\"EN-US\">Miembro de la Junta Directiva<\/span><\/h3><p>Klas ha desarrollado una extensa carrera internacional en el sector de agua. Despu\u00e9s de doctorarse en estudios interdisciplinarios sobre las condiciones de gesti\u00f3n del suelo y el agua en Tanzania, se convirti\u00f3 en consultor especializado en gesti\u00f3n integral de recursos h\u00eddricos. Su experiencia laboral incluye la gesti\u00f3n de la demanda de agua, los servicios urbanos, el desarrollo de cuencas, los problemas de las aguas transfronterizas y la elaboraci\u00f3n de pol\u00edticas en \u00c1frica meridional y oriental, Oriente Medio, Asia meridional y el sudeste asi\u00e1tico. A lo largo de su carrera, ha dado prioridad al desarrollo de capacidades, dise\u00f1ando y gestionando programas de formaci\u00f3n, dando conferencias y apoyando el desarrollo universitario. Desde 2018, Klas, como consultor del Banco Mundial, es asesor principal del Ministerio de Agua de Somalia. Su convicci\u00f3n es que el desarrollo sostenible prospera mejor cuando los profesionales nacionales participan, \u201caprenden haciendo\u201d e impulsan el progreso.<\/p>\t\t\t\t\t\t\t\t<\/div>\n\t\t\t\t<\/div>\n\t\t\t\t<div class=\"elementor-element elementor-element-a266745 elementor-widget elementor-widget-image\" data-id=\"a266745\" data-element_type=\"widget\" data-e-type=\"widget\" data-widget_type=\"image.default\">\n\t\t\t\t<div class=\"elementor-widget-container\">\n\t\t\t\t\t\t\t\t\t\t\t\t\t\t\t<img loading=\"lazy\" decoding=\"async\" width=\"200\" height=\"200\" src=\"https:\/\/s2benvironment.org\/wp-content\/uploads\/2025\/09\/128334894_2057759141021505_7254640060429233583_n.jpg\" class=\"attachment-large size-large wp-image-1400\" alt=\"\" srcset=\"https:\/\/s2benvironment.org\/wp-content\/uploads\/2025\/09\/128334894_2057759141021505_7254640060429233583_n.jpg 200w, https:\/\/s2benvironment.org\/wp-content\/uploads\/2025\/09\/128334894_2057759141021505_7254640060429233583_n-150x150.jpg 150w, https:\/\/s2benvironment.org\/wp-content\/uploads\/2025\/09\/128334894_2057759141021505_7254640060429233583_n-12x12.jpg 12w\" sizes=\"(max-width: 200px) 100vw, 200px\" \/>\t\t\t\t\t\t\t\t\t\t\t\t\t\t\t<\/div>\n\t\t\t\t<\/div>\n\t\t\t\t<div class=\"elementor-element elementor-element-6335a0e elementor-widget elementor-widget-text-editor\" data-id=\"6335a0e\" data-element_type=\"widget\" data-e-type=\"widget\" data-widget_type=\"text-editor.default\">\n\t\t\t\t<div class=\"elementor-widget-container\">\n\t\t\t\t\t\t\t\t\t<h2>Xianli (Lisa) Zhu, Ph.D.<\/h2><h3><span lang=\"EN-US\">Miembro de la Junta Directiva<\/span><\/h3><p><span data-olk-copy-source=\"MessageBody\">Xianli es una economista con m\u00e1s de 20 a\u00f1os de experiencia internacional en pol\u00edtica clim\u00e1tica, mercados de carbono, eficiencia energ\u00e9tica, ESG y desarrollo sostenible. Ha asesorado a gobiernos, organizaciones internacionales y al sector privado sobre el dise\u00f1o de pol\u00edticas, sistemas MRV para mejorar la transparencia bajo el proyecto ICAT y desarrollo de capacidades en Asia, \u00c1frica, el Pac\u00edfico y Europa. Su experiencia abarca el art\u00edculo 6 de los mercados de carbono en virtud del Acuerdo de Par\u00eds, el Mecanismo de Ajuste de la Frontera de Carbono de la UE (CBAM), la sostenibilidad y el an\u00e1lisis de la cadena de suministro, as\u00ed como la financiaci\u00f3n del clima y las estrategias de transici\u00f3n verde. M\u00e1s recientemente, trabaj\u00f3 en el Centro Clim\u00e1tico del PNUMA de Copenhague en iniciativas de eficiencia energ\u00e9tica y mercado de carbono y se desempe\u00f1\u00f3 como experta evaluadora de las propuestas de Horizonte 2020 de la UE. Xianli ha publicado ampliamente sobre pol\u00edtica clim\u00e1tica, ESG y finanzas sostenibles, lo que refleja su compromiso con el avance de v\u00edas bajas en carbono y resistentes al clima en todo el mundo.<\/span><\/p>\t\t\t\t\t\t\t\t<\/div>\n\t\t\t\t<\/div>\n\t\t\t\t\t<\/div>\n\t\t\t\t<\/div>\n\t\t\t\t<\/div>","protected":false},"excerpt":{"rendered":"<p>Jorge Rogat, Ph.D. Member of the Board \u2013 Executive Director Jorge is a\u00a0dedicated sustainability professional with a vast experience in the areas of sustainable transport, technology assessment and technology transfer. Between 2010 and 2017, he was the global project manager of the Technology Needs Assessment (TNA) project implemented in approximately 60 countries in Africa and [&hellip;]<\/p>\n","protected":false},"author":1,"featured_media":0,"parent":0,"menu_order":0,"comment_status":"closed","ping_status":"closed","template":"","meta":{"footnotes":""},"class_list":["post-108","page","type-page","status-publish","hentry"],"rttpg_featured_image_url":null,"rttpg_author":{"display_name":"admin","author_link":"https:\/\/s2benvironment.org\/es\/author\/admin\/"},"rttpg_comment":0,"rttpg_category":null,"rttpg_excerpt":"Jorge Rogat, Ph.D. Member of the Board \u2013 Executive Director Jorge is a\u00a0dedicated sustainability professional with a vast experience in the areas of sustainable transport, technology assessment and technology transfer. Between 2010 and 2017, he was the global project manager of the Technology Needs Assessment (TNA) project implemented in approximately 60 countries in Africa and&hellip;","_links":{"self":[{"href":"https:\/\/s2benvironment.org\/es\/wp-json\/wp\/v2\/pages\/108","targetHints":{"allow":["GET"]}}],"collection":[{"href":"https:\/\/s2benvironment.org\/es\/wp-json\/wp\/v2\/pages"}],"about":[{"href":"https:\/\/s2benvironment.org\/es\/wp-json\/wp\/v2\/types\/page"}],"author":[{"embeddable":true,"href":"https:\/\/s2benvironment.org\/es\/wp-json\/wp\/v2\/users\/1"}],"replies":[{"embeddable":true,"href":"https:\/\/s2benvironment.org\/es\/wp-json\/wp\/v2\/comments?post=108"}],"version-history":[{"count":55,"href":"https:\/\/s2benvironment.org\/es\/wp-json\/wp\/v2\/pages\/108\/revisions"}],"predecessor-version":[{"id":1410,"href":"https:\/\/s2benvironment.org\/es\/wp-json\/wp\/v2\/pages\/108\/revisions\/1410"}],"wp:attachment":[{"href":"https:\/\/s2benvironment.org\/es\/wp-json\/wp\/v2\/media?parent=108"}],"curies":[{"name":"wp","href":"https:\/\/api.w.org\/{rel}","templated":true}]}}